{"id":1590,"date":"2026-04-27T01:00:02","date_gmt":"2026-04-26T23:00:02","guid":{"rendered":"http:\/\/eosart.ch.w0153304.kasserver.com\/produkt\/lefebvre-j-franzoesischer-dirigent-2\/"},"modified":"2026-04-27T01:00:02","modified_gmt":"2026-04-26T23:00:02","slug":"lefebvre-j-franzoesischer-dirigent-2","status":"publish","type":"product","link":"https:\/\/www.eosart.ch\/en\/produkt\/lefebvre-j-franzoesischer-dirigent-2\/","title":{"rendered":"Lef\u00e8bvre, J. Franz\u00f6sischer Dirigent."},"content":{"rendered":"<p> \u00a0\u00a0 Lef\u00e8bvre, J. Franz\u00f6sischer Dirigent.\u00a0 O.J. (um 1820). Kupferstich von Fran\u00e7ois Pigeot (rundes Brustbild). Bildgr\u00f6sse: 11 x 11 cm. Plattengr\u00f6sse: 19 x 15 cm. Blattgr\u00f6sse: 28,4 x 20,7 cm.<br \/>\nPigeot, Fran\u00e7ois (1775-?): Franz\u00f6sischer Kupferstecher. &#8211; Stockfleckig.<\/p>\n<p>+ Wichtig: F\u00fcr unsere Kunden in der EU erfolgt der Versand alle 14 Tage verzollt ab Deutschland \/ Postbank-Konto in Deutschland vorhanden +<\/p>\n<p><strong>Bestellnummer<\/strong>: 1210AG<\/p>\n<p><span class=\"schlagwort\">Portraits \u2013 Portr\u00e4ts, Dirigent \/ Conductor, Kupferstich \/ Copper engraving, Musik \/ Music<\/span><\/p>\n","protected":false},"excerpt":{"rendered":"<p>   Lef\u00e8bvre, J. Franz\u00f6sischer Dirigent.<\/p>\n","protected":false},"featured_media":0,"comment_status":"closed","ping_status":"open","template":"","meta":[],"product_brand":[],"product_cat":[157],"product_tag":[],"class_list":{"0":"post-1590","1":"product","2":"type-product","3":"status-publish","5":"product_cat-portraits-portraets","7":"first","8":"instock","9":"purchasable","10":"product-type-simple"},"aioseo_notices":[],"_links":{"self":[{"href":"https:\/\/www.eosart.ch\/en\/wp-json\/wp\/v2\/product\/1590","targetHints":{"allow":["GET"]}}],"collection":[{"href":"https:\/\/www.eosart.ch\/en\/wp-json\/wp\/v2\/product"}],"about":[{"href":"https:\/\/www.eosart.ch\/en\/wp-json\/wp\/v2\/types\/product"}],"replies":[{"embeddable":true,"href":"https:\/\/www.eosart.ch\/en\/wp-json\/wp\/v2\/comments?post=1590"}],"wp:attachment":[{"href":"https:\/\/www.eosart.ch\/en\/wp-json\/wp\/v2\/media?parent=1590"}],"wp:term":[{"taxonomy":"product_brand","embeddable":true,"href":"https:\/\/www.eosart.ch\/en\/wp-json\/wp\/v2\/product_brand?post=1590"},{"taxonomy":"product_cat","embeddable":true,"href":"https:\/\/www.eosart.ch\/en\/wp-json\/wp\/v2\/product_cat?post=1590"},{"taxonomy":"product_tag","embeddable":true,"href":"https:\/\/www.eosart.ch\/en\/wp-json\/wp\/v2\/product_tag?post=1590"}],"curies":[{"name":"wp","href":"https:\/\/api.w.org\/{rel}","templated":true}]}}