{"id":1588,"date":"2026-04-26T00:57:20","date_gmt":"2026-04-25T22:57:20","guid":{"rendered":"http:\/\/eosart.ch.w0153304.kasserver.com\/produkt\/lecoq-alexandre-charles-1832-1918-franzoesischer-komponist-2\/"},"modified":"2026-04-26T00:58:41","modified_gmt":"2026-04-25T22:58:41","slug":"lecoq-alexandre-charles-1832-1918-franzoesischer-komponist-2","status":"publish","type":"product","link":"https:\/\/www.eosart.ch\/en\/produkt\/lecoq-alexandre-charles-1832-1918-franzoesischer-komponist-2\/","title":{"rendered":"Lecoq, Alexandre Charles (1832-1918): Franz\u00f6sischer Komponist."},"content":{"rendered":"<p> \u00a0\u00a0 Lecoq, Alexandre Charles (1832-1918): Franz\u00f6sischer Komponist.\u00a0 (um 1890). Photographie (Portrait). Format: Postkarte.<br \/>\nLecocq war Sch\u00fcler von Bazin, Hal\u00e9vy und Benoist am Pariser Konservatoire. Er war bereits 1848 als Musiklehrer t\u00e4tig. Sein kompositorisches Schaffen umfasst \u00fcber 40 B\u00fchnenwerke, Klavierst\u00fccke, Gesangst\u00fccke u.a.<\/p>\n<p>+ Wichtig: F\u00fcr unsere Kunden in der EU erfolgt der Versand alle 14 Tage verzollt ab Deutschland \/ Postbank-Konto in Deutschland vorhanden +<\/p>\n<p><strong>Bestellnummer<\/strong>: 217AG<\/p>\n<p><span class=\"schlagwort\">Portraits \u2013 Portr\u00e4ts, Fotografie &#8211; Photographie \/ Photography, Komponistin &#8211; Komponist \/ Composer<\/span><\/p>\n","protected":false},"excerpt":{"rendered":"<p>   Lecoq, Alexandre Charles (1832-1918): Franz\u00f6sischer Komponist.<\/p>\n","protected":false},"featured_media":0,"comment_status":"closed","ping_status":"open","template":"","meta":[],"product_brand":[],"product_cat":[157],"product_tag":[],"class_list":{"0":"post-1588","1":"product","2":"type-product","3":"status-publish","5":"product_cat-portraits-portraets","7":"first","8":"instock","9":"purchasable","10":"product-type-simple"},"aioseo_notices":[],"_links":{"self":[{"href":"https:\/\/www.eosart.ch\/en\/wp-json\/wp\/v2\/product\/1588","targetHints":{"allow":["GET"]}}],"collection":[{"href":"https:\/\/www.eosart.ch\/en\/wp-json\/wp\/v2\/product"}],"about":[{"href":"https:\/\/www.eosart.ch\/en\/wp-json\/wp\/v2\/types\/product"}],"replies":[{"embeddable":true,"href":"https:\/\/www.eosart.ch\/en\/wp-json\/wp\/v2\/comments?post=1588"}],"wp:attachment":[{"href":"https:\/\/www.eosart.ch\/en\/wp-json\/wp\/v2\/media?parent=1588"}],"wp:term":[{"taxonomy":"product_brand","embeddable":true,"href":"https:\/\/www.eosart.ch\/en\/wp-json\/wp\/v2\/product_brand?post=1588"},{"taxonomy":"product_cat","embeddable":true,"href":"https:\/\/www.eosart.ch\/en\/wp-json\/wp\/v2\/product_cat?post=1588"},{"taxonomy":"product_tag","embeddable":true,"href":"https:\/\/www.eosart.ch\/en\/wp-json\/wp\/v2\/product_tag?post=1588"}],"curies":[{"name":"wp","href":"https:\/\/api.w.org\/{rel}","templated":true}]}}