{"id":1579,"date":"2026-04-25T00:58:02","date_gmt":"2026-04-24T22:58:02","guid":{"rendered":"http:\/\/eosart.ch.w0153304.kasserver.com\/produkt\/langenbeck-konrad-johann-martin-1776-1851-dt-mediziner-u-chirurg-2\/"},"modified":"2026-04-25T00:58:41","modified_gmt":"2026-04-24T22:58:41","slug":"langenbeck-konrad-johann-martin-1776-1851-dt-mediziner-u-chirurg-2","status":"publish","type":"product","link":"https:\/\/www.eosart.ch\/en\/produkt\/langenbeck-konrad-johann-martin-1776-1851-dt-mediziner-u-chirurg-2\/","title":{"rendered":"Langenbeck, Konrad Johann Martin  (1776-1851): Dt. Mediziner u. Chirurg."},"content":{"rendered":"<p> \u00a0\u00a0 Langenbeck, Konrad Johann Martin  (1776-1851): Dt. Mediziner u. Chirurg.\u00a0 Berlin u. G\u00f6ttingen,  Vlg. Geb. Rocca, o.J. (um 1830). Lithographie (Brustbild). Bildgr\u00f6sse: 26 x 19 cm. Blattgr\u00f6sse: 42 x 29 cm.<br \/>\nLeicht stockfleckig.<\/p>\n<p>+ Wichtig: F\u00fcr unsere Kunden in der EU erfolgt der Versand alle 14 Tage verzollt ab Deutschland \/ Postbank-Konto in Deutschland vorhanden +<\/p>\n<p><strong>Bestellnummer<\/strong>: 1349AG<\/p>\n<p><span class=\"schlagwort\">Portraits \u2013 Portr\u00e4ts, Anatomie \/ Anatomy, Chirurgie \/ Surgery, Lithographie \/ Lithography, Medizin \/ Medicine<\/span><\/p>\n","protected":false},"excerpt":{"rendered":"<p>   Langenbeck, Konrad Johann Martin  (1776-1851): Dt. Mediziner u. Chirurg.<\/p>\n","protected":false},"featured_media":3057059,"comment_status":"closed","ping_status":"open","template":"","meta":[],"product_brand":[],"product_cat":[157],"product_tag":[],"class_list":{"0":"post-1579","1":"product","2":"type-product","3":"status-publish","4":"has-post-thumbnail","6":"product_cat-portraits-portraets","8":"first","9":"instock","10":"purchasable","11":"product-type-simple"},"aioseo_notices":[],"_links":{"self":[{"href":"https:\/\/www.eosart.ch\/en\/wp-json\/wp\/v2\/product\/1579","targetHints":{"allow":["GET"]}}],"collection":[{"href":"https:\/\/www.eosart.ch\/en\/wp-json\/wp\/v2\/product"}],"about":[{"href":"https:\/\/www.eosart.ch\/en\/wp-json\/wp\/v2\/types\/product"}],"replies":[{"embeddable":true,"href":"https:\/\/www.eosart.ch\/en\/wp-json\/wp\/v2\/comments?post=1579"}],"wp:featuredmedia":[{"embeddable":true,"href":"https:\/\/www.eosart.ch\/en\/wp-json\/wp\/v2\/media\/3057059"}],"wp:attachment":[{"href":"https:\/\/www.eosart.ch\/en\/wp-json\/wp\/v2\/media?parent=1579"}],"wp:term":[{"taxonomy":"product_brand","embeddable":true,"href":"https:\/\/www.eosart.ch\/en\/wp-json\/wp\/v2\/product_brand?post=1579"},{"taxonomy":"product_cat","embeddable":true,"href":"https:\/\/www.eosart.ch\/en\/wp-json\/wp\/v2\/product_cat?post=1579"},{"taxonomy":"product_tag","embeddable":true,"href":"https:\/\/www.eosart.ch\/en\/wp-json\/wp\/v2\/product_tag?post=1579"}],"curies":[{"name":"wp","href":"https:\/\/api.w.org\/{rel}","templated":true}]}}