{"id":1573,"date":"2026-04-29T01:01:51","date_gmt":"2026-04-28T23:01:51","guid":{"rendered":"http:\/\/eosart.ch.w0153304.kasserver.com\/produkt\/lafont-charles-philippe-1781-1839-franzoesischer-violinist-und-komponist\/"},"modified":"2026-04-29T01:02:10","modified_gmt":"2026-04-28T23:02:10","slug":"lafont-charles-philippe-1781-1839-franzoesischer-violinist-und-komponist","status":"publish","type":"product","link":"https:\/\/www.eosart.ch\/en\/produkt\/lafont-charles-philippe-1781-1839-franzoesischer-violinist-und-komponist\/","title":{"rendered":"Lafont, Charles Philippe (1781-1839): Franz\u00f6sischer Violinist und Komponist."},"content":{"rendered":"<p> \u00a0\u00a0 Lafont, Charles Philippe (1781-1839): Franz\u00f6sischer Violinist und Komponist.\u00a0 Paris, Maurice Schlesinger. um 1830. Lithographie von C.  Constans nach Pierre-Roch Vigneron. Bildformat: 22 x 21 cm. Blattformat: 45,5 x 30 cm.<br \/>\nCharles Philippe Lafont, ein ber\u00fchmter Violinvirtuose war ab 1808 in Petersburg bei Kaiser Alexander I. Konzertmeister. Sp\u00e4ter zur\u00fcck in Paris (1815), erster Violinist der k\u00f6niglichen Kapelle. Er konzertierte u.a. mit Liszt und Wagner. &#8211; Das Papier etwas fleckig.<\/p>\n<p>+ Wichtig: F\u00fcr unsere Kunden in der EU erfolgt der Versand alle 14 Tage verzollt ab Deutschland \/ Postbank-Konto in Deutschland vorhanden +<\/p>\n<p><strong>Bestellnummer<\/strong>: 1656AG<\/p>\n<p><span class=\"schlagwort\">Portraits \u2013 Portr\u00e4ts, Lithographie \/ Lithography, Musik \/ Music, Violinistin \/ Violinist<\/span><\/p>\n","protected":false},"excerpt":{"rendered":"<p>   Lafont, Charles Philippe (1781-1839): Franz\u00f6sischer Violinist und Komponist.<\/p>\n","protected":false},"featured_media":3061077,"comment_status":"closed","ping_status":"open","template":"","meta":[],"product_brand":[],"product_cat":[157],"product_tag":[],"class_list":{"0":"post-1573","1":"product","2":"type-product","3":"status-publish","4":"has-post-thumbnail","6":"product_cat-portraits-portraets","8":"first","9":"instock","10":"purchasable","11":"product-type-simple"},"aioseo_notices":[],"_links":{"self":[{"href":"https:\/\/www.eosart.ch\/en\/wp-json\/wp\/v2\/product\/1573","targetHints":{"allow":["GET"]}}],"collection":[{"href":"https:\/\/www.eosart.ch\/en\/wp-json\/wp\/v2\/product"}],"about":[{"href":"https:\/\/www.eosart.ch\/en\/wp-json\/wp\/v2\/types\/product"}],"replies":[{"embeddable":true,"href":"https:\/\/www.eosart.ch\/en\/wp-json\/wp\/v2\/comments?post=1573"}],"wp:featuredmedia":[{"embeddable":true,"href":"https:\/\/www.eosart.ch\/en\/wp-json\/wp\/v2\/media\/3061077"}],"wp:attachment":[{"href":"https:\/\/www.eosart.ch\/en\/wp-json\/wp\/v2\/media?parent=1573"}],"wp:term":[{"taxonomy":"product_brand","embeddable":true,"href":"https:\/\/www.eosart.ch\/en\/wp-json\/wp\/v2\/product_brand?post=1573"},{"taxonomy":"product_cat","embeddable":true,"href":"https:\/\/www.eosart.ch\/en\/wp-json\/wp\/v2\/product_cat?post=1573"},{"taxonomy":"product_tag","embeddable":true,"href":"https:\/\/www.eosart.ch\/en\/wp-json\/wp\/v2\/product_tag?post=1573"}],"curies":[{"name":"wp","href":"https:\/\/api.w.org\/{rel}","templated":true}]}}