{"id":1560,"date":"2026-05-04T00:54:02","date_gmt":"2026-05-03T22:54:02","guid":{"rendered":"http:\/\/eosart.ch.w0153304.kasserver.com\/produkt\/koehler-christian-louis-heinrich-1820-1886-dt-komponist-theaterkapellmeister-und-musikschriftsteller\/"},"modified":"2026-05-04T00:54:52","modified_gmt":"2026-05-03T22:54:52","slug":"koehler-christian-louis-heinrich-1820-1886-dt-komponist-theaterkapellmeister-und-musikschriftsteller","status":"publish","type":"product","link":"https:\/\/www.eosart.ch\/en\/produkt\/koehler-christian-louis-heinrich-1820-1886-dt-komponist-theaterkapellmeister-und-musikschriftsteller\/","title":{"rendered":"K\u00f6hler, Christian Louis Heinrich  (1820-1886): Dt. Komponist, Theaterkapellmeister und Musikschriftsteller."},"content":{"rendered":"<p> \u00a0\u00a0 K\u00f6hler, Christian Louis Heinrich  (1820-1886): Dt. Komponist, Theaterkapellmeister und Musikschriftsteller.\u00a0 Leipzig, o.J. (um 1860). Stahlstich von M. L\u00e4mmel. Plattengr\u00f6sse: 24 x 16 cm. Blattgr\u00f6sse: 27,5 x 19 cm.<br \/>\n+ Wichtig: F\u00fcr unsere Kunden in der EU erfolgt der Versand alle 14 Tage verzollt ab Deutschland \/ Postbank-Konto in Deutschland vorhanden +<\/p>\n<p><strong>Bestellnummer<\/strong>: 947AG<\/p>\n<p><span class=\"schlagwort\">Portraits \u2013 Portr\u00e4ts, Komponistin &#8211; Komponist \/ Composer, Musik \/ Music, Pianistin &#8211; Pianist, Stahlstich \/ Steel engraving<\/span><\/p>\n","protected":false},"excerpt":{"rendered":"<p>   K\u00f6hler, Christian Louis Heinrich  (1820-1886): Dt. Komponist, Theaterkapellmeister und Musikschriftsteller.<\/p>\n","protected":false},"featured_media":3066054,"comment_status":"closed","ping_status":"open","template":"","meta":[],"product_brand":[],"product_cat":[157],"product_tag":[],"class_list":{"0":"post-1560","1":"product","2":"type-product","3":"status-publish","4":"has-post-thumbnail","6":"product_cat-portraits-portraets","8":"first","9":"instock","10":"purchasable","11":"product-type-simple"},"aioseo_notices":[],"_links":{"self":[{"href":"https:\/\/www.eosart.ch\/en\/wp-json\/wp\/v2\/product\/1560","targetHints":{"allow":["GET"]}}],"collection":[{"href":"https:\/\/www.eosart.ch\/en\/wp-json\/wp\/v2\/product"}],"about":[{"href":"https:\/\/www.eosart.ch\/en\/wp-json\/wp\/v2\/types\/product"}],"replies":[{"embeddable":true,"href":"https:\/\/www.eosart.ch\/en\/wp-json\/wp\/v2\/comments?post=1560"}],"wp:featuredmedia":[{"embeddable":true,"href":"https:\/\/www.eosart.ch\/en\/wp-json\/wp\/v2\/media\/3066054"}],"wp:attachment":[{"href":"https:\/\/www.eosart.ch\/en\/wp-json\/wp\/v2\/media?parent=1560"}],"wp:term":[{"taxonomy":"product_brand","embeddable":true,"href":"https:\/\/www.eosart.ch\/en\/wp-json\/wp\/v2\/product_brand?post=1560"},{"taxonomy":"product_cat","embeddable":true,"href":"https:\/\/www.eosart.ch\/en\/wp-json\/wp\/v2\/product_cat?post=1560"},{"taxonomy":"product_tag","embeddable":true,"href":"https:\/\/www.eosart.ch\/en\/wp-json\/wp\/v2\/product_tag?post=1560"}],"curies":[{"name":"wp","href":"https:\/\/api.w.org\/{rel}","templated":true}]}}