{"id":1554,"date":"2026-05-02T00:54:01","date_gmt":"2026-05-01T22:54:01","guid":{"rendered":"http:\/\/eosart.ch.w0153304.kasserver.com\/produkt\/key-charles-aston-1793-1849-engl-mediziner-cardiologe-und-chirurge\/"},"modified":"2026-05-02T00:54:29","modified_gmt":"2026-05-01T22:54:29","slug":"key-charles-aston-1793-1849-engl-mediziner-cardiologe-und-chirurge","status":"publish","type":"product","link":"https:\/\/www.eosart.ch\/en\/produkt\/key-charles-aston-1793-1849-engl-mediziner-cardiologe-und-chirurge\/","title":{"rendered":"Key, Charles Aston (1793-1849): Engl. Mediziner (Cardiologe und Chirurge)."},"content":{"rendered":"<p> \u00a0\u00a0 Key, Charles Aston (1793-1849): Engl. Mediziner (Cardiologe und Chirurge).\u00a0 O.J. (um 1850). Stahldruck in Mischtechnik &#8211; Stahlstich u. Punktiermanier (Brustbild).  Bildgr\u00f6sse: 22 x 17 cm. Blattgr\u00f6sse: 46 x 35 cm.<br \/>\nKey verwendete als einer der ersten Aether zur An\u00e4sthesierung eines Patienten. &#8211; R\u00e9sum\u00e9: Potrait of Charles Aston Key (1793-1949):  English surgeon and cardiologist, one of the first users of ether.<\/p>\n<p>+ Wichtig: F\u00fcr unsere Kunden in der EU erfolgt der Versand alle 14 Tage verzollt ab Deutschland \/ Postbank-Konto in Deutschland vorhanden +<\/p>\n<p><strong>Bestellnummer<\/strong>: 543CG<\/p>\n<p><span class=\"schlagwort\">Portraits \u2013 Portr\u00e4ts, \u00c4rztin &#8211; Arzt &#8211; Mediziner \/ Physician, Lithographie \/ Lithography, Medizin \/ Medicine, Stahlstich \/ Steel engraving<\/span><\/p>\n","protected":false},"excerpt":{"rendered":"<p>   Key, Charles Aston (1793-1849): Engl. Mediziner (Cardiologe und Chirurge).<\/p>\n","protected":false},"featured_media":3064094,"comment_status":"closed","ping_status":"open","template":"","meta":[],"product_brand":[],"product_cat":[157],"product_tag":[],"class_list":{"0":"post-1554","1":"product","2":"type-product","3":"status-publish","4":"has-post-thumbnail","6":"product_cat-portraits-portraets","8":"first","9":"instock","10":"purchasable","11":"product-type-simple"},"aioseo_notices":[],"_links":{"self":[{"href":"https:\/\/www.eosart.ch\/en\/wp-json\/wp\/v2\/product\/1554","targetHints":{"allow":["GET"]}}],"collection":[{"href":"https:\/\/www.eosart.ch\/en\/wp-json\/wp\/v2\/product"}],"about":[{"href":"https:\/\/www.eosart.ch\/en\/wp-json\/wp\/v2\/types\/product"}],"replies":[{"embeddable":true,"href":"https:\/\/www.eosart.ch\/en\/wp-json\/wp\/v2\/comments?post=1554"}],"wp:featuredmedia":[{"embeddable":true,"href":"https:\/\/www.eosart.ch\/en\/wp-json\/wp\/v2\/media\/3064094"}],"wp:attachment":[{"href":"https:\/\/www.eosart.ch\/en\/wp-json\/wp\/v2\/media?parent=1554"}],"wp:term":[{"taxonomy":"product_brand","embeddable":true,"href":"https:\/\/www.eosart.ch\/en\/wp-json\/wp\/v2\/product_brand?post=1554"},{"taxonomy":"product_cat","embeddable":true,"href":"https:\/\/www.eosart.ch\/en\/wp-json\/wp\/v2\/product_cat?post=1554"},{"taxonomy":"product_tag","embeddable":true,"href":"https:\/\/www.eosart.ch\/en\/wp-json\/wp\/v2\/product_tag?post=1554"}],"curies":[{"name":"wp","href":"https:\/\/api.w.org\/{rel}","templated":true}]}}