{"id":1520,"date":"2026-04-17T00:50:02","date_gmt":"2026-04-16T22:50:02","guid":{"rendered":"http:\/\/eosart.ch.w0153304.kasserver.com\/produkt\/hooft-pieter-cornelisz-1581-1647-niederl-historiker-u-dichter\/"},"modified":"2026-04-17T00:51:36","modified_gmt":"2026-04-16T22:51:36","slug":"hooft-pieter-cornelisz-1581-1647-niederl-historiker-u-dichter","status":"publish","type":"product","link":"https:\/\/www.eosart.ch\/en\/produkt\/hooft-pieter-cornelisz-1581-1647-niederl-historiker-u-dichter\/","title":{"rendered":"Hooft, Pieter Cornelisz:  (1581-1647): Niederl. Historiker u. Dichter."},"content":{"rendered":"<p> \u00a0\u00a0 Hooft, Pieter Cornelisz:  (1581-1647): Niederl. Historiker u. Dichter.\u00a0 O.J. (um 1670). Kupferstich (H\u00fcftst\u00fcck) von C. Barlaeus nach I. Sandrart. Bildgr\u00f6sse: 23,3 x 19,4 cm. Blattgr\u00f6sse: 28 x 19,8 cm.<br \/>\nBis zum Bildrand beschnitten.<\/p>\n<p>+ Wichtig: F\u00fcr unsere Kunden in der EU erfolgt der Versand alle 14 Tage verzollt ab Deutschland \/ Postbank-Konto in Deutschland vorhanden +<\/p>\n<p><strong>Bestellnummer<\/strong>: 91BG<\/p>\n<p><span class=\"schlagwort\">Portraits \u2013 Portr\u00e4ts, Historikerin &#8211; Historiker \/ Historian, Kupferstich \/ Copper engraving, Niederl\u00e4ndische und fl\u00e4mische Literatur \/ Dutch and Flemish literature, Schriftstellerin &#8211; Schriftsteller \/ Author<\/span><\/p>\n","protected":false},"excerpt":{"rendered":"<p>   Hooft, Pieter Cornelisz:  (1581-1647): Niederl. Historiker u. Dichter.<\/p>\n","protected":false},"featured_media":0,"comment_status":"closed","ping_status":"open","template":"","meta":[],"product_brand":[],"product_cat":[157],"product_tag":[],"class_list":{"0":"post-1520","1":"product","2":"type-product","3":"status-publish","5":"product_cat-portraits-portraets","7":"first","8":"instock","9":"purchasable","10":"product-type-simple"},"aioseo_notices":[],"_links":{"self":[{"href":"https:\/\/www.eosart.ch\/en\/wp-json\/wp\/v2\/product\/1520","targetHints":{"allow":["GET"]}}],"collection":[{"href":"https:\/\/www.eosart.ch\/en\/wp-json\/wp\/v2\/product"}],"about":[{"href":"https:\/\/www.eosart.ch\/en\/wp-json\/wp\/v2\/types\/product"}],"replies":[{"embeddable":true,"href":"https:\/\/www.eosart.ch\/en\/wp-json\/wp\/v2\/comments?post=1520"}],"wp:attachment":[{"href":"https:\/\/www.eosart.ch\/en\/wp-json\/wp\/v2\/media?parent=1520"}],"wp:term":[{"taxonomy":"product_brand","embeddable":true,"href":"https:\/\/www.eosart.ch\/en\/wp-json\/wp\/v2\/product_brand?post=1520"},{"taxonomy":"product_cat","embeddable":true,"href":"https:\/\/www.eosart.ch\/en\/wp-json\/wp\/v2\/product_cat?post=1520"},{"taxonomy":"product_tag","embeddable":true,"href":"https:\/\/www.eosart.ch\/en\/wp-json\/wp\/v2\/product_tag?post=1520"}],"curies":[{"name":"wp","href":"https:\/\/api.w.org\/{rel}","templated":true}]}}