{"id":1516,"date":"2026-04-29T00:56:01","date_gmt":"2026-04-28T22:56:01","guid":{"rendered":"http:\/\/eosart.ch.w0153304.kasserver.com\/produkt\/hollmann-josef-keine-lebensdaten-engl-cellist\/"},"modified":"2026-04-29T00:57:00","modified_gmt":"2026-04-28T22:57:00","slug":"hollmann-josef-a-great-cellist","status":"publish","type":"product","link":"https:\/\/www.eosart.ch\/en\/produkt\/hollmann-josef-a-great-cellist\/","title":{"rendered":"Hollmann, Josef: A great Cellist."},"content":{"rendered":"<p> \u00a0\u00a0 Hollmann, Josef: A great Cellist.\u00a0 1897. Chromolithographie von Vincent Brooks Day &#038; Son. (Ganzk\u00f6rperabb. mit Cello). Bildgr\u00f6sse: 32 x 18,5 cm. Blattgr\u00f6sse: 38 x 26 cm. = &#8220;Vanity Fair&#8221;, Dez. 1897.<br \/>\n+ Wichtig: F\u00fcr unsere Kunden in der EU erfolgt der Versand alle 14 Tage verzollt ab Deutschland \/ Postbank-Konto in Deutschland vorhanden +<\/p>\n<p><strong>Bestellnummer<\/strong>: 1010AG<\/p>\n<p><span class=\"schlagwort\">Portraits \u2013 Portr\u00e4ts, Cellistin &#8211; Cellist, Chromolithographie \/ Chromlithography, Lithographie \/ Lithography, Musik \/ Music<\/span><\/p>\n","protected":false},"excerpt":{"rendered":"<p>   Hollmann, Josef: A great Cellist.<\/p>\n","protected":false},"featured_media":3061063,"comment_status":"closed","ping_status":"open","template":"","meta":[],"product_brand":[],"product_cat":[157],"product_tag":[],"class_list":{"0":"post-1516","1":"product","2":"type-product","3":"status-publish","4":"has-post-thumbnail","6":"product_cat-portraits-portraets","8":"first","9":"instock","10":"purchasable","11":"product-type-simple"},"aioseo_notices":[],"_links":{"self":[{"href":"https:\/\/www.eosart.ch\/en\/wp-json\/wp\/v2\/product\/1516","targetHints":{"allow":["GET"]}}],"collection":[{"href":"https:\/\/www.eosart.ch\/en\/wp-json\/wp\/v2\/product"}],"about":[{"href":"https:\/\/www.eosart.ch\/en\/wp-json\/wp\/v2\/types\/product"}],"replies":[{"embeddable":true,"href":"https:\/\/www.eosart.ch\/en\/wp-json\/wp\/v2\/comments?post=1516"}],"wp:featuredmedia":[{"embeddable":true,"href":"https:\/\/www.eosart.ch\/en\/wp-json\/wp\/v2\/media\/3061063"}],"wp:attachment":[{"href":"https:\/\/www.eosart.ch\/en\/wp-json\/wp\/v2\/media?parent=1516"}],"wp:term":[{"taxonomy":"product_brand","embeddable":true,"href":"https:\/\/www.eosart.ch\/en\/wp-json\/wp\/v2\/product_brand?post=1516"},{"taxonomy":"product_cat","embeddable":true,"href":"https:\/\/www.eosart.ch\/en\/wp-json\/wp\/v2\/product_cat?post=1516"},{"taxonomy":"product_tag","embeddable":true,"href":"https:\/\/www.eosart.ch\/en\/wp-json\/wp\/v2\/product_tag?post=1516"}],"curies":[{"name":"wp","href":"https:\/\/api.w.org\/{rel}","templated":true}]}}