{"id":1509,"date":"2026-04-26T00:52:03","date_gmt":"2026-04-25T22:52:03","guid":{"rendered":"http:\/\/eosart.ch.w0153304.kasserver.com\/produkt\/hess-geb-scheuchzer-anna-maria-1776-1841-frau-von-hans-rudolf-hess-scheuchzer\/"},"modified":"2026-04-26T00:52:38","modified_gmt":"2026-04-25T22:52:38","slug":"hess-geb-scheuchzer-anna-maria-1776-1841-frau-von-hans-rudolf-hess-scheuchzer","status":"publish","type":"product","link":"https:\/\/www.eosart.ch\/en\/produkt\/hess-geb-scheuchzer-anna-maria-1776-1841-frau-von-hans-rudolf-hess-scheuchzer\/","title":{"rendered":"Hess geb. Scheuchzer, Anna Maria (1776-1841): Frau von Hans Rudolf Hess-Scheuchzer."},"content":{"rendered":"<p> \u00a0\u00a0 Hess geb. Scheuchzer, Anna Maria (1776-1841): Frau von Hans Rudolf Hess-Scheuchzer.\u00a0 (Z\u00fcrich), F. Schulthess, o. J. (um 1850). Lithographie auf Japanpapier von H. Meyer nach Johannes L\u00fcthy. Bildgr\u00f6sse: 16,2 x 16 cm Blattgr\u00f6sse: 37 x 30,3 cm.<br \/>\nBlattrand leicht angeschmutzt.<\/p>\n<p>+ Wichtig: F\u00fcr unsere Kunden in der EU erfolgt der Versand alle 14 Tage verzollt ab Deutschland \/ Postbank-Konto in Deutschland vorhanden +<\/p>\n<p><strong>Bestellnummer<\/strong>: 1170AG<\/p>\n<p><span class=\"schlagwort\">Portraits \u2013 Portr\u00e4ts, Helvetica \u2013 Schweiz \/ Books and prints pertaining Switzerland, Lithographie \/ Lithography, Z\u00fcrich Kanton<\/span><\/p>\n","protected":false},"excerpt":{"rendered":"<p>   Hess geb. Scheuchzer, Anna Maria (1776-1841): Frau von Hans Rudolf Hess-Scheuchzer.<\/p>\n","protected":false},"featured_media":3058043,"comment_status":"closed","ping_status":"open","template":"","meta":[],"product_brand":[],"product_cat":[157],"product_tag":[],"class_list":{"0":"post-1509","1":"product","2":"type-product","3":"status-publish","4":"has-post-thumbnail","6":"product_cat-portraits-portraets","8":"first","9":"instock","10":"purchasable","11":"product-type-simple"},"aioseo_notices":[],"_links":{"self":[{"href":"https:\/\/www.eosart.ch\/en\/wp-json\/wp\/v2\/product\/1509","targetHints":{"allow":["GET"]}}],"collection":[{"href":"https:\/\/www.eosart.ch\/en\/wp-json\/wp\/v2\/product"}],"about":[{"href":"https:\/\/www.eosart.ch\/en\/wp-json\/wp\/v2\/types\/product"}],"replies":[{"embeddable":true,"href":"https:\/\/www.eosart.ch\/en\/wp-json\/wp\/v2\/comments?post=1509"}],"wp:featuredmedia":[{"embeddable":true,"href":"https:\/\/www.eosart.ch\/en\/wp-json\/wp\/v2\/media\/3058043"}],"wp:attachment":[{"href":"https:\/\/www.eosart.ch\/en\/wp-json\/wp\/v2\/media?parent=1509"}],"wp:term":[{"taxonomy":"product_brand","embeddable":true,"href":"https:\/\/www.eosart.ch\/en\/wp-json\/wp\/v2\/product_brand?post=1509"},{"taxonomy":"product_cat","embeddable":true,"href":"https:\/\/www.eosart.ch\/en\/wp-json\/wp\/v2\/product_cat?post=1509"},{"taxonomy":"product_tag","embeddable":true,"href":"https:\/\/www.eosart.ch\/en\/wp-json\/wp\/v2\/product_tag?post=1509"}],"curies":[{"name":"wp","href":"https:\/\/api.w.org\/{rel}","templated":true}]}}