{"id":1498,"date":"2026-04-15T00:49:31","date_gmt":"2026-04-14T22:49:31","guid":{"rendered":"http:\/\/eosart.ch.w0153304.kasserver.com\/produkt\/hawkins-sir-john-1719-1789-englischer-musikforscher\/"},"modified":"2026-04-15T00:50:41","modified_gmt":"2026-04-14T22:50:41","slug":"hawkins-sir-john-1719-1789-englischer-musikforscher","status":"publish","type":"product","link":"https:\/\/www.eosart.ch\/en\/produkt\/hawkins-sir-john-1719-1789-englischer-musikforscher\/","title":{"rendered":"Hawkins, (Sir) John  (1719-1789): Englischer Musikforscher."},"content":{"rendered":"<p> \u00a0\u00a0 Hawkins, (Sir) John  (1719-1789): Englischer Musikforscher.\u00a0 Pall Mall, E. &#038; S. Harding, 1794. Kupferstich von R. Clamp nach Sylvester Harding (Brustbild). Bildgr\u00f6sse: 11,3 x 9,6 cm. Plattengr\u00f6sse: 17,8 x 13,3 cm. Blattgr\u00f6sse: 25,8 x 20,3 cm.<br \/>\nSir John Hawkins schrieb die &#8220;General History of the Science and Practice of Music&#8221;. Clamp, R. (um 1790 t\u00e4tig): Englischer Kupferstecher. Harding, Sylvester (1745-1809): Englischer Miniaturmaler, Kupferstecher und Verleger.<\/p>\n<p>+ Wichtig: F\u00fcr unsere Kunden in der EU erfolgt der Versand alle 14 Tage verzollt ab Deutschland \/ Postbank-Konto in Deutschland vorhanden +<\/p>\n<p><strong>Bestellnummer<\/strong>: 1204AG<\/p>\n<p><span class=\"schlagwort\">Portraits \u2013 Portr\u00e4ts, Kupferstich \/ Copper engraving, Musik \/ Music, Musikschriftsteller<\/span><\/p>\n","protected":false},"excerpt":{"rendered":"<p>   Hawkins, (Sir) John  (1719-1789): Englischer Musikforscher.<\/p>\n","protected":false},"featured_media":0,"comment_status":"closed","ping_status":"open","template":"","meta":[],"product_brand":[],"product_cat":[157],"product_tag":[],"class_list":{"0":"post-1498","1":"product","2":"type-product","3":"status-publish","5":"product_cat-portraits-portraets","7":"first","8":"instock","9":"purchasable","10":"product-type-simple"},"aioseo_notices":[],"_links":{"self":[{"href":"https:\/\/www.eosart.ch\/en\/wp-json\/wp\/v2\/product\/1498","targetHints":{"allow":["GET"]}}],"collection":[{"href":"https:\/\/www.eosart.ch\/en\/wp-json\/wp\/v2\/product"}],"about":[{"href":"https:\/\/www.eosart.ch\/en\/wp-json\/wp\/v2\/types\/product"}],"replies":[{"embeddable":true,"href":"https:\/\/www.eosart.ch\/en\/wp-json\/wp\/v2\/comments?post=1498"}],"wp:attachment":[{"href":"https:\/\/www.eosart.ch\/en\/wp-json\/wp\/v2\/media?parent=1498"}],"wp:term":[{"taxonomy":"product_brand","embeddable":true,"href":"https:\/\/www.eosart.ch\/en\/wp-json\/wp\/v2\/product_brand?post=1498"},{"taxonomy":"product_cat","embeddable":true,"href":"https:\/\/www.eosart.ch\/en\/wp-json\/wp\/v2\/product_cat?post=1498"},{"taxonomy":"product_tag","embeddable":true,"href":"https:\/\/www.eosart.ch\/en\/wp-json\/wp\/v2\/product_tag?post=1498"}],"curies":[{"name":"wp","href":"https:\/\/api.w.org\/{rel}","templated":true}]}}