{"id":1470,"date":"2026-05-04T00:46:01","date_gmt":"2026-05-03T22:46:01","guid":{"rendered":"http:\/\/eosart.ch.w0153304.kasserver.com\/produkt\/granados-enrique-1867-1916-spanischer-komponist\/"},"modified":"2026-05-04T00:46:53","modified_gmt":"2026-05-03T22:46:53","slug":"granados-enrique-1867-1916-spanischer-komponist","status":"publish","type":"product","link":"https:\/\/www.eosart.ch\/en\/produkt\/granados-enrique-1867-1916-spanischer-komponist\/","title":{"rendered":"Granados, Enrique  (1867-1916): Spanischer Komponist."},"content":{"rendered":"<p> \u00a0\u00a0 Granados, Enrique  (1867-1916): Spanischer Komponist.\u00a0 O.J. (um 1910). Photographische Reproduktion einer Aufnahme um 1910. Format: 15,5 x 10,5 cm.<br \/>\nGranados war Sch\u00fcler von Pujol, Pedrell und Ch.de B\u00e9riot. Als Pianist setzte er sich f\u00fcr Chopin und Grieg ein. Sp\u00e4ter widmete er sich haupts\u00e4chlich der Komposition. Er schrieb &#8220;Danzas Espa\u00f1olas&#8221;, Zarzuelas, eine Oper u.a.<\/p>\n<p>+ Wichtig: F\u00fcr unsere Kunden in der EU erfolgt der Versand alle 14 Tage verzollt ab Deutschland \/ Postbank-Konto in Deutschland vorhanden +<\/p>\n<p><strong>Bestellnummer<\/strong>: 151AG<\/p>\n<p><span class=\"schlagwort\">Portraits \u2013 Portr\u00e4ts, Fotografie &#8211; Photographie \/ Photography, Komponistin &#8211; Komponist \/ Composer, Musik \/ Music, Pianistin &#8211; Pianist<\/span><\/p>\n","protected":false},"excerpt":{"rendered":"<p>   Granados, Enrique  (1867-1916): Spanischer Komponist.<\/p>\n","protected":false},"featured_media":0,"comment_status":"closed","ping_status":"open","template":"","meta":[],"product_brand":[],"product_cat":[157],"product_tag":[],"class_list":{"0":"post-1470","1":"product","2":"type-product","3":"status-publish","5":"product_cat-portraits-portraets","7":"first","8":"instock","9":"purchasable","10":"product-type-simple"},"aioseo_notices":[],"_links":{"self":[{"href":"https:\/\/www.eosart.ch\/en\/wp-json\/wp\/v2\/product\/1470","targetHints":{"allow":["GET"]}}],"collection":[{"href":"https:\/\/www.eosart.ch\/en\/wp-json\/wp\/v2\/product"}],"about":[{"href":"https:\/\/www.eosart.ch\/en\/wp-json\/wp\/v2\/types\/product"}],"replies":[{"embeddable":true,"href":"https:\/\/www.eosart.ch\/en\/wp-json\/wp\/v2\/comments?post=1470"}],"wp:attachment":[{"href":"https:\/\/www.eosart.ch\/en\/wp-json\/wp\/v2\/media?parent=1470"}],"wp:term":[{"taxonomy":"product_brand","embeddable":true,"href":"https:\/\/www.eosart.ch\/en\/wp-json\/wp\/v2\/product_brand?post=1470"},{"taxonomy":"product_cat","embeddable":true,"href":"https:\/\/www.eosart.ch\/en\/wp-json\/wp\/v2\/product_cat?post=1470"},{"taxonomy":"product_tag","embeddable":true,"href":"https:\/\/www.eosart.ch\/en\/wp-json\/wp\/v2\/product_tag?post=1470"}],"curies":[{"name":"wp","href":"https:\/\/api.w.org\/{rel}","templated":true}]}}