{"id":1464,"date":"2026-05-01T00:46:01","date_gmt":"2026-04-30T22:46:01","guid":{"rendered":"http:\/\/eosart.ch.w0153304.kasserver.com\/produkt\/godefroid-jules-joseph-1811-1840-franz-komponist\/"},"modified":"2026-05-01T00:46:30","modified_gmt":"2026-04-30T22:46:30","slug":"godefroid-jules-joseph-1811-1840-franz-komponist","status":"publish","type":"product","link":"https:\/\/www.eosart.ch\/en\/produkt\/godefroid-jules-joseph-1811-1840-franz-komponist\/","title":{"rendered":"Godefroid, Jules-Joseph  (1811-1840): Franz. Komponist."},"content":{"rendered":"<p> \u00a0\u00a0 Godefroid, Jules-Joseph  (1811-1840): Franz. Komponist.\u00a0 (1839). Lithographie von Dewasme-Pl\u00e9tinckx nach Charles Baugniet (1814-1886). Bildgr\u00f6sse: 38,5 x 31 cm. Blattgr\u00f6sse: 58 x 42 cm.<br \/>\n+ Wichtig: F\u00fcr unsere Kunden in der EU erfolgt der Versand alle 14 Tage verzollt ab Deutschland \/ Postbank-Konto in Deutschland vorhanden +<\/p>\n<p><strong>Bestellnummer<\/strong>: 199CG<\/p>\n<p><span class=\"schlagwort\">Portraits \u2013 Portr\u00e4ts, Komponistin &#8211; Komponist \/ Composer, Lithographie \/ Lithography, Musik \/ Music<\/span><\/p>\n","protected":false},"excerpt":{"rendered":"<p>   Godefroid, Jules-Joseph  (1811-1840): Franz. Komponist.<\/p>\n","protected":false},"featured_media":3063078,"comment_status":"closed","ping_status":"open","template":"","meta":[],"product_brand":[],"product_cat":[157],"product_tag":[],"class_list":{"0":"post-1464","1":"product","2":"type-product","3":"status-publish","4":"has-post-thumbnail","6":"product_cat-portraits-portraets","8":"first","9":"instock","10":"purchasable","11":"product-type-simple"},"aioseo_notices":[],"_links":{"self":[{"href":"https:\/\/www.eosart.ch\/en\/wp-json\/wp\/v2\/product\/1464","targetHints":{"allow":["GET"]}}],"collection":[{"href":"https:\/\/www.eosart.ch\/en\/wp-json\/wp\/v2\/product"}],"about":[{"href":"https:\/\/www.eosart.ch\/en\/wp-json\/wp\/v2\/types\/product"}],"replies":[{"embeddable":true,"href":"https:\/\/www.eosart.ch\/en\/wp-json\/wp\/v2\/comments?post=1464"}],"wp:featuredmedia":[{"embeddable":true,"href":"https:\/\/www.eosart.ch\/en\/wp-json\/wp\/v2\/media\/3063078"}],"wp:attachment":[{"href":"https:\/\/www.eosart.ch\/en\/wp-json\/wp\/v2\/media?parent=1464"}],"wp:term":[{"taxonomy":"product_brand","embeddable":true,"href":"https:\/\/www.eosart.ch\/en\/wp-json\/wp\/v2\/product_brand?post=1464"},{"taxonomy":"product_cat","embeddable":true,"href":"https:\/\/www.eosart.ch\/en\/wp-json\/wp\/v2\/product_cat?post=1464"},{"taxonomy":"product_tag","embeddable":true,"href":"https:\/\/www.eosart.ch\/en\/wp-json\/wp\/v2\/product_tag?post=1464"}],"curies":[{"name":"wp","href":"https:\/\/api.w.org\/{rel}","templated":true}]}}