{"id":1443,"date":"2026-04-27T00:45:18","date_gmt":"2026-04-26T22:45:18","guid":{"rendered":"http:\/\/eosart.ch.w0153304.kasserver.com\/produkt\/fuessli-heinrich-1741-1825-schweizerischer-kuenstler-und-maler-2\/"},"modified":"2026-04-27T00:45:34","modified_gmt":"2026-04-26T22:45:34","slug":"fuessli-heinrich-1741-1825-schweizerischer-kuenstler-und-maler-2","status":"publish","type":"product","link":"https:\/\/www.eosart.ch\/en\/produkt\/fuessli-heinrich-1741-1825-schweizerischer-kuenstler-und-maler-2\/","title":{"rendered":"F\u00fcssli, Heinrich  (1741-1825): Schweizerischer K\u00fcnstler und Maler."},"content":{"rendered":"<p> \u00a0\u00a0 F\u00fcssli, Heinrich  (1741-1825): Schweizerischer K\u00fcnstler und Maler.\u00a0 O.J. (um 1830). Lithographie auf Japanpapier und aufgezogen (Brustbild). Bildgr\u00f6sse: 14 x 15 cm. Blattgr\u00f6sse: 34 x 22,5 cm.<br \/>\nLeicht stockfleckig.<\/p>\n<p>+ Wichtig: F\u00fcr unsere Kunden in der EU erfolgt der Versand alle 14 Tage verzollt ab Deutschland \/ Postbank-Konto in Deutschland vorhanden +<\/p>\n<p><strong>Bestellnummer<\/strong>: 1002AG<\/p>\n<p><span class=\"schlagwort\">Portraits \u2013 Portr\u00e4ts, K\u00fcnstlerin &#8211; K\u00fcnstler \/ Artist, Lithographie \/ Lithography<\/span><\/p>\n","protected":false},"excerpt":{"rendered":"<p>   F\u00fcssli, Heinrich  (1741-1825): Schweizerischer K\u00fcnstler und Maler.<\/p>\n","protected":false},"featured_media":0,"comment_status":"closed","ping_status":"open","template":"","meta":[],"product_brand":[],"product_cat":[157],"product_tag":[],"class_list":{"0":"post-1443","1":"product","2":"type-product","3":"status-publish","5":"product_cat-portraits-portraets","7":"first","8":"instock","9":"purchasable","10":"product-type-simple"},"aioseo_notices":[],"_links":{"self":[{"href":"https:\/\/www.eosart.ch\/en\/wp-json\/wp\/v2\/product\/1443","targetHints":{"allow":["GET"]}}],"collection":[{"href":"https:\/\/www.eosart.ch\/en\/wp-json\/wp\/v2\/product"}],"about":[{"href":"https:\/\/www.eosart.ch\/en\/wp-json\/wp\/v2\/types\/product"}],"replies":[{"embeddable":true,"href":"https:\/\/www.eosart.ch\/en\/wp-json\/wp\/v2\/comments?post=1443"}],"wp:attachment":[{"href":"https:\/\/www.eosart.ch\/en\/wp-json\/wp\/v2\/media?parent=1443"}],"wp:term":[{"taxonomy":"product_brand","embeddable":true,"href":"https:\/\/www.eosart.ch\/en\/wp-json\/wp\/v2\/product_brand?post=1443"},{"taxonomy":"product_cat","embeddable":true,"href":"https:\/\/www.eosart.ch\/en\/wp-json\/wp\/v2\/product_cat?post=1443"},{"taxonomy":"product_tag","embeddable":true,"href":"https:\/\/www.eosart.ch\/en\/wp-json\/wp\/v2\/product_tag?post=1443"}],"curies":[{"name":"wp","href":"https:\/\/api.w.org\/{rel}","templated":true}]}}