{"id":1439,"date":"2026-04-29T00:49:22","date_gmt":"2026-04-28T22:49:22","guid":{"rendered":"http:\/\/eosart.ch.w0153304.kasserver.com\/produkt\/frentzel-johannes-1609-1674-deutscher-anagramm-u-kirchenlieddichter\/"},"modified":"2026-04-29T00:49:22","modified_gmt":"2026-04-28T22:49:22","slug":"frentzel-johannes-1609-1674-deutscher-anagramm-u-kirchenlieddichter","status":"publish","type":"product","link":"https:\/\/www.eosart.ch\/en\/produkt\/frentzel-johannes-1609-1674-deutscher-anagramm-u-kirchenlieddichter\/","title":{"rendered":"Frentzel, Johannes  (1609-1674): Deutscher Anagramm- u. Kirchenlieddichter."},"content":{"rendered":"<p> \u00a0\u00a0 Frentzel, Johannes  (1609-1674): Deutscher Anagramm- u. Kirchenlieddichter.\u00a0 O.J. (um 1680). Kupferstich von Christian Romstet nach Christian M\u00e4tschke. Bildgr\u00f6sse: 29 x 18 cm. Blattgr\u00f6sse: 32,5 x 20,5 cm.<br \/>\nRomstet, Christian (1640-1721): Deutscher Kupferstecher. M\u00e4tschke, Christian (?-1688): Deutscher Maler und Radierer.<\/p>\n<p>+ Wichtig: F\u00fcr unsere Kunden in der EU erfolgt der Versand alle 14 Tage verzollt ab Deutschland \/ Postbank-Konto in Deutschland vorhanden +<\/p>\n<p><strong>Bestellnummer<\/strong>: 173BG<\/p>\n<p><span class=\"schlagwort\">Portraits \u2013 Portr\u00e4ts, Kupferstich \/ Copper engraving, Literatur \/ Literature, Schriftstellerin &#8211; Schriftsteller \/ Author<\/span><\/p>\n","protected":false},"excerpt":{"rendered":"<p>   Frentzel, Johannes  (1609-1674): Deutscher Anagramm- u. Kirchenlieddichter.<\/p>\n","protected":false},"featured_media":3061028,"comment_status":"closed","ping_status":"open","template":"","meta":[],"product_brand":[],"product_cat":[157],"product_tag":[],"class_list":{"0":"post-1439","1":"product","2":"type-product","3":"status-publish","4":"has-post-thumbnail","6":"product_cat-portraits-portraets","8":"first","9":"instock","10":"purchasable","11":"product-type-simple"},"aioseo_notices":[],"_links":{"self":[{"href":"https:\/\/www.eosart.ch\/en\/wp-json\/wp\/v2\/product\/1439","targetHints":{"allow":["GET"]}}],"collection":[{"href":"https:\/\/www.eosart.ch\/en\/wp-json\/wp\/v2\/product"}],"about":[{"href":"https:\/\/www.eosart.ch\/en\/wp-json\/wp\/v2\/types\/product"}],"replies":[{"embeddable":true,"href":"https:\/\/www.eosart.ch\/en\/wp-json\/wp\/v2\/comments?post=1439"}],"wp:featuredmedia":[{"embeddable":true,"href":"https:\/\/www.eosart.ch\/en\/wp-json\/wp\/v2\/media\/3061028"}],"wp:attachment":[{"href":"https:\/\/www.eosart.ch\/en\/wp-json\/wp\/v2\/media?parent=1439"}],"wp:term":[{"taxonomy":"product_brand","embeddable":true,"href":"https:\/\/www.eosart.ch\/en\/wp-json\/wp\/v2\/product_brand?post=1439"},{"taxonomy":"product_cat","embeddable":true,"href":"https:\/\/www.eosart.ch\/en\/wp-json\/wp\/v2\/product_cat?post=1439"},{"taxonomy":"product_tag","embeddable":true,"href":"https:\/\/www.eosart.ch\/en\/wp-json\/wp\/v2\/product_tag?post=1439"}],"curies":[{"name":"wp","href":"https:\/\/api.w.org\/{rel}","templated":true}]}}