{"id":1433,"date":"2026-05-06T00:44:01","date_gmt":"2026-05-05T22:44:01","guid":{"rendered":"http:\/\/eosart.ch.w0153304.kasserver.com\/produkt\/francart-jacques-ii-1582-1651-belgischer-architekt-und-ingenieur\/"},"modified":"2026-05-06T00:45:12","modified_gmt":"2026-05-05T22:45:12","slug":"francart-jacques-ii-1582-1651-belgischer-architekt-und-ingenieur","status":"publish","type":"product","link":"https:\/\/www.eosart.ch\/en\/produkt\/francart-jacques-ii-1582-1651-belgischer-architekt-und-ingenieur\/","title":{"rendered":"Francart, Jacques II  (1582-1651): Belgischer Architekt und Ingenieur."},"content":{"rendered":"<p> \u00a0\u00a0 Francart, Jacques II  (1582-1651): Belgischer Architekt und Ingenieur.\u00a0 O.J. (um 1660). Kupferstich von Joannes Meyssens (Brustbild). Bildgr\u00f6sse: 14 x 11 cm. Plattengr\u00f6sse: 17 x 11,5 cm. Blattgr\u00f6sse: 31 x17,2 cm.<br \/>\nMeyssens, Joannes (1612-1670): Belgischer Maler, Zeichner, Kupferstecher und Verleger. &#8211; Am Rand leicht stockfleckig, mit einem montierten Text zu Francart.<\/p>\n<p>+ Wichtig: F\u00fcr unsere Kunden in der EU erfolgt der Versand alle 14 Tage verzollt ab Deutschland \/ Postbank-Konto in Deutschland vorhanden +<\/p>\n<p><strong>Bestellnummer<\/strong>: 257AG<\/p>\n<p><span class=\"schlagwort\">Portraits \u2013 Portr\u00e4ts, Architektur \/ Architecture, Frankreich \/ France, Kupferstich \/ Copper engraving<\/span><\/p>\n","protected":false},"excerpt":{"rendered":"<p>   Francart, Jacques II  (1582-1651): Belgischer Architekt und Ingenieur.<\/p>\n","protected":false},"featured_media":0,"comment_status":"closed","ping_status":"open","template":"","meta":[],"product_brand":[],"product_cat":[157],"product_tag":[],"class_list":{"0":"post-1433","1":"product","2":"type-product","3":"status-publish","5":"product_cat-portraits-portraets","7":"first","8":"instock","9":"purchasable","10":"product-type-simple"},"aioseo_notices":[],"_links":{"self":[{"href":"https:\/\/www.eosart.ch\/en\/wp-json\/wp\/v2\/product\/1433","targetHints":{"allow":["GET"]}}],"collection":[{"href":"https:\/\/www.eosart.ch\/en\/wp-json\/wp\/v2\/product"}],"about":[{"href":"https:\/\/www.eosart.ch\/en\/wp-json\/wp\/v2\/types\/product"}],"replies":[{"embeddable":true,"href":"https:\/\/www.eosart.ch\/en\/wp-json\/wp\/v2\/comments?post=1433"}],"wp:attachment":[{"href":"https:\/\/www.eosart.ch\/en\/wp-json\/wp\/v2\/media?parent=1433"}],"wp:term":[{"taxonomy":"product_brand","embeddable":true,"href":"https:\/\/www.eosart.ch\/en\/wp-json\/wp\/v2\/product_brand?post=1433"},{"taxonomy":"product_cat","embeddable":true,"href":"https:\/\/www.eosart.ch\/en\/wp-json\/wp\/v2\/product_cat?post=1433"},{"taxonomy":"product_tag","embeddable":true,"href":"https:\/\/www.eosart.ch\/en\/wp-json\/wp\/v2\/product_tag?post=1433"}],"curies":[{"name":"wp","href":"https:\/\/api.w.org\/{rel}","templated":true}]}}