{"id":1421,"date":"2026-04-29T00:48:02","date_gmt":"2026-04-28T22:48:02","guid":{"rendered":"http:\/\/eosart.ch.w0153304.kasserver.com\/produkt\/farel-guillaume-1489-1565-westschweizer-reformator\/"},"modified":"2026-04-29T00:48:19","modified_gmt":"2026-04-28T22:48:19","slug":"farel-guillaume-1489-1565-westschweizer-reformator","status":"publish","type":"product","link":"https:\/\/www.eosart.ch\/en\/produkt\/farel-guillaume-1489-1565-westschweizer-reformator\/","title":{"rendered":"Farel, Guillaume (1489-1565): Westschweizer Reformator."},"content":{"rendered":"<p> \u00a0\u00a0 Farel, Guillaume (1489-1565): Westschweizer Reformator.\u00a0 O.O., (um 1720). Kupferstich. Bild- und Plattengr\u00f6sse: 17 x 12,1 cm.<br \/>\nDer aus Neuenburg stammende Wilhelm Farel studierte in Paris und war dort kurze Zeit Professor f\u00fcr Grammatik. Nach kurzen Aufenthalten in Basel Montb\u00e9liard und Strassburg kehrte er in die Westschweiz zur\u00fcck, wo er an div. Orten den neuen Glauben predigte. &#8220;Dank seinen Anstrengungen ging die Stadt Neuenburg 1530 zur Reformation \u00fcber&#8221; (e-HLS). &#8211; Im Rand leicht knitterfaltig.<\/p>\n<p>+ Wichtig: F\u00fcr unsere Kunden in der EU erfolgt der Versand alle 14 Tage verzollt ab Deutschland \/ Postbank-Konto in Deutschland vorhanden +<\/p>\n<p><strong>Bestellnummer<\/strong>: 1638AG<\/p>\n<p><span class=\"schlagwort\">Portraits \u2013 Portr\u00e4ts, Kupferstich \/ Copper engraving, Reformation, Reformator \/ Reformer, Theologie + andere Religionen \/ Theology and other religions<\/span><\/p>\n","protected":false},"excerpt":{"rendered":"<p>   Farel, Guillaume (1489-1565): Westschweizer Reformator.<\/p>\n","protected":false},"featured_media":3061022,"comment_status":"closed","ping_status":"open","template":"","meta":[],"product_brand":[],"product_cat":[157],"product_tag":[],"class_list":{"0":"post-1421","1":"product","2":"type-product","3":"status-publish","4":"has-post-thumbnail","6":"product_cat-portraits-portraets","8":"first","9":"instock","10":"purchasable","11":"product-type-simple"},"aioseo_notices":[],"_links":{"self":[{"href":"https:\/\/www.eosart.ch\/en\/wp-json\/wp\/v2\/product\/1421","targetHints":{"allow":["GET"]}}],"collection":[{"href":"https:\/\/www.eosart.ch\/en\/wp-json\/wp\/v2\/product"}],"about":[{"href":"https:\/\/www.eosart.ch\/en\/wp-json\/wp\/v2\/types\/product"}],"replies":[{"embeddable":true,"href":"https:\/\/www.eosart.ch\/en\/wp-json\/wp\/v2\/comments?post=1421"}],"wp:featuredmedia":[{"embeddable":true,"href":"https:\/\/www.eosart.ch\/en\/wp-json\/wp\/v2\/media\/3061022"}],"wp:attachment":[{"href":"https:\/\/www.eosart.ch\/en\/wp-json\/wp\/v2\/media?parent=1421"}],"wp:term":[{"taxonomy":"product_brand","embeddable":true,"href":"https:\/\/www.eosart.ch\/en\/wp-json\/wp\/v2\/product_brand?post=1421"},{"taxonomy":"product_cat","embeddable":true,"href":"https:\/\/www.eosart.ch\/en\/wp-json\/wp\/v2\/product_cat?post=1421"},{"taxonomy":"product_tag","embeddable":true,"href":"https:\/\/www.eosart.ch\/en\/wp-json\/wp\/v2\/product_tag?post=1421"}],"curies":[{"name":"wp","href":"https:\/\/api.w.org\/{rel}","templated":true}]}}