{"id":1418,"date":"2026-05-06T00:44:01","date_gmt":"2026-05-05T22:44:01","guid":{"rendered":"http:\/\/eosart.ch.w0153304.kasserver.com\/produkt\/fall-leo-1873-1925-oesterreichischer-operettenkomponist\/"},"modified":"2026-05-06T00:44:13","modified_gmt":"2026-05-05T22:44:13","slug":"fall-leo-1873-1925-oesterreichischer-operettenkomponist","status":"publish","type":"product","link":"https:\/\/www.eosart.ch\/en\/produkt\/fall-leo-1873-1925-oesterreichischer-operettenkomponist\/","title":{"rendered":"Fall, Leo  (1873-1925): \u00d6sterreichischer Operettenkomponist."},"content":{"rendered":"<p> \u00a0\u00a0 Fall, Leo  (1873-1925): \u00d6sterreichischer Operettenkomponist.\u00a0 Berlin, Verl. Herm. Leiser, (um 1920). Photographie von Rudolf D\u00fchrkoop (H\u00fcftst\u00fcck, sitzernd). Format: Postkarte montiert auf Papier (17,4&#215;25 cm.).<br \/>\nLeo Fall war zun\u00e4chst Kapellmeister an verschiedenen B\u00fchnen in Deutschland. Ab 1906 lebte er in Wien. Sein kompositorisches Schaffen umfasst 3 Opern und etwa 20 Operetten.<\/p>\n<p>+ Wichtig: F\u00fcr unsere Kunden in der EU erfolgt der Versand alle 14 Tage verzollt ab Deutschland \/ Postbank-Konto in Deutschland vorhanden +<\/p>\n<p><strong>Bestellnummer<\/strong>: 88AG<\/p>\n<p><span class=\"schlagwort\">Portraits \u2013 Portr\u00e4ts, Fotografie &#8211; Photographie \/ Photography, Komponistin &#8211; Komponist \/ Composer, Musik \/ Music<\/span><\/p>\n","protected":false},"excerpt":{"rendered":"<p>   Fall, Leo  (1873-1925): \u00d6sterreichischer Operettenkomponist.<\/p>\n","protected":false},"featured_media":0,"comment_status":"closed","ping_status":"open","template":"","meta":[],"product_brand":[],"product_cat":[157],"product_tag":[],"class_list":{"0":"post-1418","1":"product","2":"type-product","3":"status-publish","5":"product_cat-portraits-portraets","7":"first","8":"instock","9":"purchasable","10":"product-type-simple"},"aioseo_notices":[],"_links":{"self":[{"href":"https:\/\/www.eosart.ch\/en\/wp-json\/wp\/v2\/product\/1418","targetHints":{"allow":["GET"]}}],"collection":[{"href":"https:\/\/www.eosart.ch\/en\/wp-json\/wp\/v2\/product"}],"about":[{"href":"https:\/\/www.eosart.ch\/en\/wp-json\/wp\/v2\/types\/product"}],"replies":[{"embeddable":true,"href":"https:\/\/www.eosart.ch\/en\/wp-json\/wp\/v2\/comments?post=1418"}],"wp:attachment":[{"href":"https:\/\/www.eosart.ch\/en\/wp-json\/wp\/v2\/media?parent=1418"}],"wp:term":[{"taxonomy":"product_brand","embeddable":true,"href":"https:\/\/www.eosart.ch\/en\/wp-json\/wp\/v2\/product_brand?post=1418"},{"taxonomy":"product_cat","embeddable":true,"href":"https:\/\/www.eosart.ch\/en\/wp-json\/wp\/v2\/product_cat?post=1418"},{"taxonomy":"product_tag","embeddable":true,"href":"https:\/\/www.eosart.ch\/en\/wp-json\/wp\/v2\/product_tag?post=1418"}],"curies":[{"name":"wp","href":"https:\/\/api.w.org\/{rel}","templated":true}]}}