{"id":1415,"date":"2026-04-29T00:45:15","date_gmt":"2026-04-28T22:45:15","guid":{"rendered":"http:\/\/eosart.ch.w0153304.kasserver.com\/produkt\/evers-carl-1819-1875-deutscher-pianist-und-kapellmeister\/"},"modified":"2026-04-29T00:46:27","modified_gmt":"2026-04-28T22:46:27","slug":"evers-carl-1819-1875-deutscher-pianist-und-kapellmeister","status":"publish","type":"product","link":"https:\/\/www.eosart.ch\/en\/produkt\/evers-carl-1819-1875-deutscher-pianist-und-kapellmeister\/","title":{"rendered":"Evers, Carl (1819-1875): Deutscher Pianist und Kapellmeister."},"content":{"rendered":"<p> \u00a0\u00a0 Evers, Carl (1819-1875): Deutscher Pianist und Kapellmeister.\u00a0 N\u00fcrnberg, Carl Mayer&#8217;s Kunst-Anstalt, o.J. (um 1880). Stahlstich (halbe Figur, sitzend). Bildgr\u00f6sse: 13,5 x 13 cm. Blattgr\u00f6sse: 23,2 x 15,6 cm.<br \/>\nLeicht stockfleckig.<\/p>\n<p>+ Wichtig: F\u00fcr unsere Kunden in der EU erfolgt der Versand alle 14 Tage verzollt ab Deutschland \/ Postbank-Konto in Deutschland vorhanden +<\/p>\n<p><strong>Bestellnummer<\/strong>: 1256AG<\/p>\n<p><span class=\"schlagwort\">Portraits \u2013 Portr\u00e4ts, Dirigent \/ Conductor, Musik \/ Music, Pianistin &#8211; Pianist, Stahlstich \/ Steel engraving<\/span><\/p>\n","protected":false},"excerpt":{"rendered":"<p>   Evers, Carl (1819-1875): Deutscher Pianist und Kapellmeister.<\/p>\n","protected":false},"featured_media":0,"comment_status":"closed","ping_status":"open","template":"","meta":[],"product_brand":[],"product_cat":[157],"product_tag":[],"class_list":{"0":"post-1415","1":"product","2":"type-product","3":"status-publish","5":"product_cat-portraits-portraets","7":"first","8":"instock","9":"purchasable","10":"product-type-simple"},"aioseo_notices":[],"_links":{"self":[{"href":"https:\/\/www.eosart.ch\/en\/wp-json\/wp\/v2\/product\/1415","targetHints":{"allow":["GET"]}}],"collection":[{"href":"https:\/\/www.eosart.ch\/en\/wp-json\/wp\/v2\/product"}],"about":[{"href":"https:\/\/www.eosart.ch\/en\/wp-json\/wp\/v2\/types\/product"}],"replies":[{"embeddable":true,"href":"https:\/\/www.eosart.ch\/en\/wp-json\/wp\/v2\/comments?post=1415"}],"wp:attachment":[{"href":"https:\/\/www.eosart.ch\/en\/wp-json\/wp\/v2\/media?parent=1415"}],"wp:term":[{"taxonomy":"product_brand","embeddable":true,"href":"https:\/\/www.eosart.ch\/en\/wp-json\/wp\/v2\/product_brand?post=1415"},{"taxonomy":"product_cat","embeddable":true,"href":"https:\/\/www.eosart.ch\/en\/wp-json\/wp\/v2\/product_cat?post=1415"},{"taxonomy":"product_tag","embeddable":true,"href":"https:\/\/www.eosart.ch\/en\/wp-json\/wp\/v2\/product_tag?post=1415"}],"curies":[{"name":"wp","href":"https:\/\/api.w.org\/{rel}","templated":true}]}}