{"id":1404,"date":"2026-05-03T00:39:26","date_gmt":"2026-05-02T22:39:26","guid":{"rendered":"http:\/\/eosart.ch.w0153304.kasserver.com\/produkt\/dupuytren-guillaume-1777-1835-franz-arzt-der-empirezeit\/"},"modified":"2026-05-03T00:39:52","modified_gmt":"2026-05-02T22:39:52","slug":"dupuytren-guillaume-1777-1835-franz-arzt-der-empirezeit","status":"publish","type":"product","link":"https:\/\/www.eosart.ch\/en\/produkt\/dupuytren-guillaume-1777-1835-franz-arzt-der-empirezeit\/","title":{"rendered":"Dupuytren, Guillaume  (1777-1835): Franz. Arzt der Empirezeit."},"content":{"rendered":"<p> \u00a0\u00a0 Dupuytren, Guillaume  (1777-1835): Franz. Arzt der Empirezeit.\u00a0 O.J. (um 1830). Lithographie von Maurer. Bildgr\u00f6sse: 29 x 25 cm. Blattgr\u00f6sse: 39,5 x 31 cm.<br \/>\nRecto mit einem mont. Notizzettel mit einer handschr. Einladung an einen Freund: &#8220;Vous m&#8217;obligeriez mon cher Briels si vous pouviez vous donner la peine de passer chez moi aujourd&#8217;huy jeudi, de 11 h \u00e0 une heure. Votre d\u00e9vou\u00e9 confr\u00e8re Dupuytren. 26. Jan. 1834 (3?)&#8221;. &#8211; Blatt etwas fleckig und gebr\u00e4unt.<\/p>\n<p>+ Wichtig: F\u00fcr unsere Kunden in der EU erfolgt der Versand alle 14 Tage verzollt ab Deutschland \/ Postbank-Konto in Deutschland vorhanden +<\/p>\n<p><strong>Bestellnummer<\/strong>: 74CG<\/p>\n<p><span class=\"schlagwort\">Portraits \u2013 Portr\u00e4ts, \u00c4rztin &#8211; Arzt &#8211; Mediziner \/ Physician, Lithographie \/ Lithography, Medizin \/ Medicine<\/span><\/p>\n","protected":false},"excerpt":{"rendered":"<p>   Dupuytren, Guillaume  (1777-1835): Franz. Arzt der Empirezeit.<\/p>\n","protected":false},"featured_media":0,"comment_status":"closed","ping_status":"open","template":"","meta":[],"product_brand":[],"product_cat":[157],"product_tag":[],"class_list":{"0":"post-1404","1":"product","2":"type-product","3":"status-publish","5":"product_cat-portraits-portraets","7":"first","8":"instock","9":"purchasable","10":"product-type-simple"},"aioseo_notices":[],"_links":{"self":[{"href":"https:\/\/www.eosart.ch\/en\/wp-json\/wp\/v2\/product\/1404","targetHints":{"allow":["GET"]}}],"collection":[{"href":"https:\/\/www.eosart.ch\/en\/wp-json\/wp\/v2\/product"}],"about":[{"href":"https:\/\/www.eosart.ch\/en\/wp-json\/wp\/v2\/types\/product"}],"replies":[{"embeddable":true,"href":"https:\/\/www.eosart.ch\/en\/wp-json\/wp\/v2\/comments?post=1404"}],"wp:attachment":[{"href":"https:\/\/www.eosart.ch\/en\/wp-json\/wp\/v2\/media?parent=1404"}],"wp:term":[{"taxonomy":"product_brand","embeddable":true,"href":"https:\/\/www.eosart.ch\/en\/wp-json\/wp\/v2\/product_brand?post=1404"},{"taxonomy":"product_cat","embeddable":true,"href":"https:\/\/www.eosart.ch\/en\/wp-json\/wp\/v2\/product_cat?post=1404"},{"taxonomy":"product_tag","embeddable":true,"href":"https:\/\/www.eosart.ch\/en\/wp-json\/wp\/v2\/product_tag?post=1404"}],"curies":[{"name":"wp","href":"https:\/\/api.w.org\/{rel}","templated":true}]}}