{"id":1403,"date":"2026-05-03T00:39:26","date_gmt":"2026-05-02T22:39:26","guid":{"rendered":"http:\/\/eosart.ch.w0153304.kasserver.com\/produkt\/dulcken-sophie-pianistin\/"},"modified":"2026-05-03T00:39:48","modified_gmt":"2026-05-02T22:39:48","slug":"dulcken-sophie-pianistin","status":"publish","type":"product","link":"https:\/\/www.eosart.ch\/en\/produkt\/dulcken-sophie-pianistin\/","title":{"rendered":"Dulcken, Sophie Pianistin."},"content":{"rendered":"<p> \u00a0\u00a0 Dulcken, Sophie Pianistin.\u00a0 O.J. (um 1880). Holzstich (am Fl\u00fcgel sitzend). Bildgr\u00f6sse: 10 x 15 cm. Blattgr\u00f6sse: 12,5 x 24 cm.<br \/>\nKleiner Einriss am unteren Blattrand hinterlegt.<\/p>\n<p>+ Wichtig: F\u00fcr unsere Kunden in der EU erfolgt der Versand alle 14 Tage verzollt ab Deutschland \/ Postbank-Konto in Deutschland vorhanden +<\/p>\n<p><strong>Bestellnummer<\/strong>: 1223AG<\/p>\n<p><span class=\"schlagwort\">Portraits \u2013 Portr\u00e4ts, Holzstich \/ Xylography &#8211; Wood engraving, Musik \/ Music, Pianistin &#8211; Pianist<\/span><\/p>\n","protected":false},"excerpt":{"rendered":"<p>   Dulcken, Sophie Pianistin.<\/p>\n","protected":false},"featured_media":0,"comment_status":"closed","ping_status":"open","template":"","meta":[],"product_brand":[],"product_cat":[157],"product_tag":[],"class_list":{"0":"post-1403","1":"product","2":"type-product","3":"status-publish","5":"product_cat-portraits-portraets","7":"first","8":"instock","9":"purchasable","10":"product-type-simple"},"aioseo_notices":[],"_links":{"self":[{"href":"https:\/\/www.eosart.ch\/en\/wp-json\/wp\/v2\/product\/1403","targetHints":{"allow":["GET"]}}],"collection":[{"href":"https:\/\/www.eosart.ch\/en\/wp-json\/wp\/v2\/product"}],"about":[{"href":"https:\/\/www.eosart.ch\/en\/wp-json\/wp\/v2\/types\/product"}],"replies":[{"embeddable":true,"href":"https:\/\/www.eosart.ch\/en\/wp-json\/wp\/v2\/comments?post=1403"}],"wp:attachment":[{"href":"https:\/\/www.eosart.ch\/en\/wp-json\/wp\/v2\/media?parent=1403"}],"wp:term":[{"taxonomy":"product_brand","embeddable":true,"href":"https:\/\/www.eosart.ch\/en\/wp-json\/wp\/v2\/product_brand?post=1403"},{"taxonomy":"product_cat","embeddable":true,"href":"https:\/\/www.eosart.ch\/en\/wp-json\/wp\/v2\/product_cat?post=1403"},{"taxonomy":"product_tag","embeddable":true,"href":"https:\/\/www.eosart.ch\/en\/wp-json\/wp\/v2\/product_tag?post=1403"}],"curies":[{"name":"wp","href":"https:\/\/api.w.org\/{rel}","templated":true}]}}