{"id":1365,"date":"2026-04-26T00:35:26","date_gmt":"2026-04-25T22:35:26","guid":{"rendered":"http:\/\/eosart.ch.w0153304.kasserver.com\/produkt\/coster-samuel-1579-1665-niederlaend-dichter\/"},"modified":"2026-04-26T00:36:14","modified_gmt":"2026-04-25T22:36:14","slug":"coster-samuel-1579-1665-niederlaend-dichter","status":"publish","type":"product","link":"https:\/\/www.eosart.ch\/en\/produkt\/coster-samuel-1579-1665-niederlaend-dichter\/","title":{"rendered":"Coster, Samuel  (1579-1665): Niederl\u00e4nd. Dichter."},"content":{"rendered":"<p> \u00a0\u00a0 Coster, Samuel  (1579-1665): Niederl\u00e4nd. Dichter.\u00a0 O.J. (um 1700). Kupferstich (Kniest\u00fcck sitzend). Bildgr\u00f6sse: 24,5 x 19 cm. Blattgr\u00f6sse: 25 x 19,5 cm<br \/>\nBis zum Plattenrand beschnitten (Blatt aufgezogen).<\/p>\n<p>+ Wichtig: F\u00fcr unsere Kunden in der EU erfolgt der Versand alle 14 Tage verzollt ab Deutschland \/ Postbank-Konto in Deutschland vorhanden +<\/p>\n<p><strong>Bestellnummer<\/strong>: 77BG<\/p>\n<p><span class=\"schlagwort\">Portraits \u2013 Portr\u00e4ts, Kupferstich \/ Copper engraving, Literatur \/ Literature, Niederl\u00e4ndische und fl\u00e4mische Literatur \/ Dutch and Flemish literature, Schriftstellerin &#8211; Schriftsteller \/ Author<\/span><\/p>\n","protected":false},"excerpt":{"rendered":"<p>   Coster, Samuel  (1579-1665): Niederl\u00e4nd. Dichter.<\/p>\n","protected":false},"featured_media":0,"comment_status":"closed","ping_status":"open","template":"","meta":[],"product_brand":[],"product_cat":[157],"product_tag":[],"class_list":{"0":"post-1365","1":"product","2":"type-product","3":"status-publish","5":"product_cat-portraits-portraets","7":"first","8":"instock","9":"purchasable","10":"product-type-simple"},"aioseo_notices":[],"_links":{"self":[{"href":"https:\/\/www.eosart.ch\/en\/wp-json\/wp\/v2\/product\/1365","targetHints":{"allow":["GET"]}}],"collection":[{"href":"https:\/\/www.eosart.ch\/en\/wp-json\/wp\/v2\/product"}],"about":[{"href":"https:\/\/www.eosart.ch\/en\/wp-json\/wp\/v2\/types\/product"}],"replies":[{"embeddable":true,"href":"https:\/\/www.eosart.ch\/en\/wp-json\/wp\/v2\/comments?post=1365"}],"wp:attachment":[{"href":"https:\/\/www.eosart.ch\/en\/wp-json\/wp\/v2\/media?parent=1365"}],"wp:term":[{"taxonomy":"product_brand","embeddable":true,"href":"https:\/\/www.eosart.ch\/en\/wp-json\/wp\/v2\/product_brand?post=1365"},{"taxonomy":"product_cat","embeddable":true,"href":"https:\/\/www.eosart.ch\/en\/wp-json\/wp\/v2\/product_cat?post=1365"},{"taxonomy":"product_tag","embeddable":true,"href":"https:\/\/www.eosart.ch\/en\/wp-json\/wp\/v2\/product_tag?post=1365"}],"curies":[{"name":"wp","href":"https:\/\/api.w.org\/{rel}","templated":true}]}}