{"id":135248,"date":"2026-05-03T02:18:02","date_gmt":"2026-05-03T00:18:02","guid":{"rendered":"https:\/\/www.eosart.ch\/produkt\/sechselaeuten-in-zuerich-ernste-und-heitere-bilder-aus-der-entwicklung-des-reisens-nach-den-inneren-beweggruenden-gruppiert\/"},"modified":"2026-05-03T02:19:09","modified_gmt":"2026-05-03T00:19:09","slug":"sechselaeuten-in-zuerich-ernste-und-heitere-bilder-aus-der-entwicklung-des-reisens-nach-den-inneren-beweggruenden-gruppiert","status":"publish","type":"product","link":"https:\/\/www.eosart.ch\/en\/produkt\/sechselaeuten-in-zuerich-ernste-und-heitere-bilder-aus-der-entwicklung-des-reisens-nach-den-inneren-beweggruenden-gruppiert\/","title":{"rendered":"Sechsel\u00e4uten in Z\u00fcrich. Ernste und heitere Bilder aus der Entwicklung des Reisens, nach den inneren Beweggr\u00fcnden gruppiert."},"content":{"rendered":"<p>\u00a0\u00a0 Sechsel\u00e4uten. \u2013  Sechsel\u00e4uten in Z\u00fcrich. Ernste und heitere Bilder aus der Entwicklung des Reisens, nach den inneren Beweggr\u00fcnden gruppiert.\u00a0 Z\u00fcrich, (R. Fretz), 1894. Illustr. von Karl Jausin. Blattgr\u00f6sse: 55 x 68 cm.<br \/>\nHonegger 42. &#8211; Blatt Nr. III (von 12 Bl.). \u2013 Knitterfaltig und leicht fleckig sowie mit l\u00e4ngerem Einriss.<\/p>\n<p>+ Wichtig: F\u00fcr unsere Kunden in der EU erfolgt der Versand alle 14 Tage verzollt ab Deutschland \/ Postbank-Konto in Deutschland vorhanden +<\/p>\n<p><strong>Bestellnummer<\/strong>: 906CG<\/p>\n<p><span class=\"schlagwort\">Helvetica \u2013 Schweiz \/ Books and prints pertaining Switzerland, Sechsel\u00e4uten, Turicensia &#8211; Stadt Z\u00fcrich \/ Zurich City, Zunftwesen \u2013 Z\u00fcnfte, Z\u00fcrich Kanton<\/span><\/p>\n","protected":false},"excerpt":{"rendered":"<p>    Sechsel\u00e4uten in Z\u00fcrich. Ernste und heitere Bilder aus der Entwicklung des Reisens, nach den inneren Beweggr\u00fcnden gruppiert.<\/p>\n","protected":false},"featured_media":3065697,"comment_status":"closed","ping_status":"open","template":"","meta":[],"product_brand":[],"product_cat":[176],"product_tag":[],"class_list":{"0":"post-135248","1":"product","2":"type-product","3":"status-publish","4":"has-post-thumbnail","6":"product_cat-helvetica-schweiz-books-and-prints-pertaining-switzerland","8":"first","9":"instock","10":"purchasable","11":"product-type-simple"},"aioseo_notices":[],"_links":{"self":[{"href":"https:\/\/www.eosart.ch\/en\/wp-json\/wp\/v2\/product\/135248","targetHints":{"allow":["GET"]}}],"collection":[{"href":"https:\/\/www.eosart.ch\/en\/wp-json\/wp\/v2\/product"}],"about":[{"href":"https:\/\/www.eosart.ch\/en\/wp-json\/wp\/v2\/types\/product"}],"replies":[{"embeddable":true,"href":"https:\/\/www.eosart.ch\/en\/wp-json\/wp\/v2\/comments?post=135248"}],"wp:featuredmedia":[{"embeddable":true,"href":"https:\/\/www.eosart.ch\/en\/wp-json\/wp\/v2\/media\/3065697"}],"wp:attachment":[{"href":"https:\/\/www.eosart.ch\/en\/wp-json\/wp\/v2\/media?parent=135248"}],"wp:term":[{"taxonomy":"product_brand","embeddable":true,"href":"https:\/\/www.eosart.ch\/en\/wp-json\/wp\/v2\/product_brand?post=135248"},{"taxonomy":"product_cat","embeddable":true,"href":"https:\/\/www.eosart.ch\/en\/wp-json\/wp\/v2\/product_cat?post=135248"},{"taxonomy":"product_tag","embeddable":true,"href":"https:\/\/www.eosart.ch\/en\/wp-json\/wp\/v2\/product_tag?post=135248"}],"curies":[{"name":"wp","href":"https:\/\/api.w.org\/{rel}","templated":true}]}}