{"id":1333,"date":"2026-04-28T00:36:01","date_gmt":"2026-04-27T22:36:01","guid":{"rendered":"http:\/\/eosart.ch.w0153304.kasserver.com\/produkt\/cavalierei-emilio-de-e-del-cavaliere-ca-1550-1602-italienischer-komponist\/"},"modified":"2026-04-28T00:36:06","modified_gmt":"2026-04-27T22:36:06","slug":"cavalierei-emilio-de-e-del-cavaliere-ca-1550-1602-italienischer-komponist","status":"publish","type":"product","link":"https:\/\/www.eosart.ch\/en\/produkt\/cavalierei-emilio-de-e-del-cavaliere-ca-1550-1602-italienischer-komponist\/","title":{"rendered":"Cavalierei, Emilio de (E. del Cavaliere) (ca. 1550-1602): Italienischer Komponist."},"content":{"rendered":"<p> \u00a0\u00a0 Cavalierei, Emilio de (E. del Cavaliere) (ca. 1550-1602): Italienischer Komponist.\u00a0 O.J. (um 1790). Kupferstich von C. Grignion (rundes Brustbild im Profil). Bildgr\u00f6sse: 9,2 x 9,2. Plattengr\u00f6sse: 13,9 x 12,2 cm. Blattgr\u00f6sse: 25,2 x 17,5 cm.<br \/>\nGrignion, Charles I (1717-1810): Kupferstecher franz\u00f6sischer Herkunft geboren in London. &#8211; Minim stockfleckig.<\/p>\n<p>+ Wichtig: F\u00fcr unsere Kunden in der EU erfolgt der Versand alle 14 Tage verzollt ab Deutschland \/ Postbank-Konto in Deutschland vorhanden +<\/p>\n<p><strong>Bestellnummer<\/strong>: 336CG<\/p>\n<p><span class=\"schlagwort\">Portraits \u2013 Portr\u00e4ts, Komponistin &#8211; Komponist \/ Composer, Kupferstich \/ Copper engraving, Musik \/ Music<\/span><\/p>\n","protected":false},"excerpt":{"rendered":"<p>   Cavalierei, Emilio de (E. del Cavaliere) (ca. 1550-1602): Italienischer Komponist.<\/p>\n","protected":false},"featured_media":3059971,"comment_status":"closed","ping_status":"open","template":"","meta":[],"product_brand":[],"product_cat":[157],"product_tag":[],"class_list":{"0":"post-1333","1":"product","2":"type-product","3":"status-publish","4":"has-post-thumbnail","6":"product_cat-portraits-portraets","8":"first","9":"instock","10":"purchasable","11":"product-type-simple"},"aioseo_notices":[],"_links":{"self":[{"href":"https:\/\/www.eosart.ch\/en\/wp-json\/wp\/v2\/product\/1333","targetHints":{"allow":["GET"]}}],"collection":[{"href":"https:\/\/www.eosart.ch\/en\/wp-json\/wp\/v2\/product"}],"about":[{"href":"https:\/\/www.eosart.ch\/en\/wp-json\/wp\/v2\/types\/product"}],"replies":[{"embeddable":true,"href":"https:\/\/www.eosart.ch\/en\/wp-json\/wp\/v2\/comments?post=1333"}],"wp:featuredmedia":[{"embeddable":true,"href":"https:\/\/www.eosart.ch\/en\/wp-json\/wp\/v2\/media\/3059971"}],"wp:attachment":[{"href":"https:\/\/www.eosart.ch\/en\/wp-json\/wp\/v2\/media?parent=1333"}],"wp:term":[{"taxonomy":"product_brand","embeddable":true,"href":"https:\/\/www.eosart.ch\/en\/wp-json\/wp\/v2\/product_brand?post=1333"},{"taxonomy":"product_cat","embeddable":true,"href":"https:\/\/www.eosart.ch\/en\/wp-json\/wp\/v2\/product_cat?post=1333"},{"taxonomy":"product_tag","embeddable":true,"href":"https:\/\/www.eosart.ch\/en\/wp-json\/wp\/v2\/product_tag?post=1333"}],"curies":[{"name":"wp","href":"https:\/\/api.w.org\/{rel}","templated":true}]}}