{"id":1254,"date":"2026-04-21T00:24:02","date_gmt":"2026-04-20T22:24:02","guid":{"rendered":"http:\/\/eosart.ch.w0153304.kasserver.com\/produkt\/aretius-benedikt-um-1522-1574-berner-theologe\/"},"modified":"2026-04-21T00:24:22","modified_gmt":"2026-04-20T22:24:22","slug":"aretius-benedikt-um-1522-1574-berner-theologe","status":"publish","type":"product","link":"https:\/\/www.eosart.ch\/en\/produkt\/aretius-benedikt-um-1522-1574-berner-theologe\/","title":{"rendered":"Aretius, Benedikt (um 1522-1574): Berner Theologe."},"content":{"rendered":"<p> \u00a0\u00a0 Aretius, Benedikt (um 1522-1574): Berner Theologe.\u00a0 O.O., um 1580. Holzschnitt. Blattformat: 11,7 x 7 cm.<br \/>\nBenedikt Aretius, geboren als Benedikt Marti ging nach seinem Theologiestudium nach Strassburg und Marburg, wo er ab 1548 Professor f\u00fcr Logik und Dialektik wurde. 1549 R\u00fcckkehr nach Bern und ab 1553 Professor f\u00fcr Griechisch und Latein. &#8220;Als Theologe ist der stark bibl. argumentierende und von Zwinglis und Bullingers Bundestheologie beeinflusste A., der seinen urspr. Namen gr\u00e4zisiert hatte, u.a. als Verfasser bibl. Kommentare und der &#8220;Theologiae Problemata&#8221; hervorgetreten. Bedeutender Botaniker mit internat. Ausstrahlung (Pflanzengattung Aretia), Verfasser einer Darstellung der Alpenflora von Stockhorn und Niesen &#8230;&#8221; (HLS). &#8211; Bis zum Bildrand beschnitten.<\/p>\n<p>+ Wichtig: F\u00fcr unsere Kunden in der EU erfolgt der Versand alle 14 Tage verzollt ab Deutschland \/ Postbank-Konto in Deutschland vorhanden +<\/p>\n<p><strong>Bestellnummer<\/strong>: 1637AG<\/p>\n<p><span class=\"schlagwort\">Portraits \u2013 Portr\u00e4ts, Bern Kanton, Holzschnitt \/ Woodcut, Theologie + andere Religionen \/ Theology and other religions, Theologin &#8211; Theologe \/ Theologian<\/span><\/p>\n","protected":false},"excerpt":{"rendered":"<p>   Aretius, Benedikt (um 1522-1574): Berner Theologe.<\/p>\n","protected":false},"featured_media":3052918,"comment_status":"closed","ping_status":"open","template":"","meta":[],"product_brand":[],"product_cat":[157],"product_tag":[],"class_list":{"0":"post-1254","1":"product","2":"type-product","3":"status-publish","4":"has-post-thumbnail","6":"product_cat-portraits-portraets","8":"first","9":"instock","10":"purchasable","11":"product-type-simple"},"aioseo_notices":[],"_links":{"self":[{"href":"https:\/\/www.eosart.ch\/en\/wp-json\/wp\/v2\/product\/1254","targetHints":{"allow":["GET"]}}],"collection":[{"href":"https:\/\/www.eosart.ch\/en\/wp-json\/wp\/v2\/product"}],"about":[{"href":"https:\/\/www.eosart.ch\/en\/wp-json\/wp\/v2\/types\/product"}],"replies":[{"embeddable":true,"href":"https:\/\/www.eosart.ch\/en\/wp-json\/wp\/v2\/comments?post=1254"}],"wp:featuredmedia":[{"embeddable":true,"href":"https:\/\/www.eosart.ch\/en\/wp-json\/wp\/v2\/media\/3052918"}],"wp:attachment":[{"href":"https:\/\/www.eosart.ch\/en\/wp-json\/wp\/v2\/media?parent=1254"}],"wp:term":[{"taxonomy":"product_brand","embeddable":true,"href":"https:\/\/www.eosart.ch\/en\/wp-json\/wp\/v2\/product_brand?post=1254"},{"taxonomy":"product_cat","embeddable":true,"href":"https:\/\/www.eosart.ch\/en\/wp-json\/wp\/v2\/product_cat?post=1254"},{"taxonomy":"product_tag","embeddable":true,"href":"https:\/\/www.eosart.ch\/en\/wp-json\/wp\/v2\/product_tag?post=1254"}],"curies":[{"name":"wp","href":"https:\/\/api.w.org\/{rel}","templated":true}]}}