{"id":1223,"date":"2026-04-16T00:23:24","date_gmt":"2026-04-15T22:23:24","guid":{"rendered":"http:\/\/eosart.ch.w0153304.kasserver.com\/produkt\/voegel-am-futterhaeuschen\/"},"modified":"2026-04-16T00:23:24","modified_gmt":"2026-04-15T22:23:24","slug":"voegel-am-futterhaeuschen","status":"publish","type":"product","link":"https:\/\/www.eosart.ch\/en\/produkt\/voegel-am-futterhaeuschen\/","title":{"rendered":"V\u00f6gel am Futterh\u00e4uschen."},"content":{"rendered":"<p>  V\u00f6gel am Futterh\u00e4uschen.\u00a0 o.J. (um 1910). Farbige Lithographie. Bildformat: 65 x 88 cm.<br \/>\nSchulwandbild. &#8211; Knitterfaltig, Schadstelle unten rechts, 3 Klebstreifen reichen bis ca. 10 cm in den Bildbereich hinein. &#8211; Momogamiert: P. FT.<\/p>\n<p>+ Wichtig: F\u00fcr unsere Kunden in der EU erfolgt der Versand alle 14 Tage verzollt ab Deutschland \/ Postbank-Konto in Deutschland vorhanden +<\/p>\n<p><strong>Bestellnummer<\/strong>: 179DG<\/p>\n<p><span class=\"schlagwort\">Schulwandbilder \/ Wall charts, Naturwissenschaften \/ Natural Sciences, Schulwandbild \/ Wall chart, V\u00f6gel &#8211; Ornithologie \/ Birds &#8211; Ornithology<\/span><\/p>\n","protected":false},"excerpt":{"rendered":"<p>    V\u00f6gel am Futterh\u00e4uschen.<\/p>\n","protected":false},"featured_media":3048024,"comment_status":"closed","ping_status":"open","template":"","meta":[],"product_brand":[],"product_cat":[146],"product_tag":[],"class_list":{"0":"post-1223","1":"product","2":"type-product","3":"status-publish","4":"has-post-thumbnail","6":"product_cat-schulwandbilder-wall-charts","8":"first","9":"instock","10":"purchasable","11":"product-type-simple"},"aioseo_notices":[],"_links":{"self":[{"href":"https:\/\/www.eosart.ch\/en\/wp-json\/wp\/v2\/product\/1223","targetHints":{"allow":["GET"]}}],"collection":[{"href":"https:\/\/www.eosart.ch\/en\/wp-json\/wp\/v2\/product"}],"about":[{"href":"https:\/\/www.eosart.ch\/en\/wp-json\/wp\/v2\/types\/product"}],"replies":[{"embeddable":true,"href":"https:\/\/www.eosart.ch\/en\/wp-json\/wp\/v2\/comments?post=1223"}],"wp:featuredmedia":[{"embeddable":true,"href":"https:\/\/www.eosart.ch\/en\/wp-json\/wp\/v2\/media\/3048024"}],"wp:attachment":[{"href":"https:\/\/www.eosart.ch\/en\/wp-json\/wp\/v2\/media?parent=1223"}],"wp:term":[{"taxonomy":"product_brand","embeddable":true,"href":"https:\/\/www.eosart.ch\/en\/wp-json\/wp\/v2\/product_brand?post=1223"},{"taxonomy":"product_cat","embeddable":true,"href":"https:\/\/www.eosart.ch\/en\/wp-json\/wp\/v2\/product_cat?post=1223"},{"taxonomy":"product_tag","embeddable":true,"href":"https:\/\/www.eosart.ch\/en\/wp-json\/wp\/v2\/product_tag?post=1223"}],"curies":[{"name":"wp","href":"https:\/\/api.w.org\/{rel}","templated":true}]}}