{"id":1143,"date":"2026-04-29T00:18:14","date_gmt":"2026-04-28T22:18:14","guid":{"rendered":"http:\/\/eosart.ch.w0153304.kasserver.com\/produkt\/poirie-helene-le-bord-de-la-riviere\/"},"modified":"2026-04-29T00:18:20","modified_gmt":"2026-04-28T22:18:20","slug":"poirie-helene-le-bord-de-la-riviere","status":"publish","type":"product","link":"https:\/\/www.eosart.ch\/en\/produkt\/poirie-helene-le-bord-de-la-riviere\/","title":{"rendered":"Poiri\u00e9, H\u00e9l\u00e8ne: Le bord de la rivi\u00e8re."},"content":{"rendered":"<p> \u00a0\u00a0 Poiri\u00e9, H\u00e9l\u00e8ne: Le bord de la rivi\u00e8re.\u00a0 Bourrelier, o.J. (um 1950). Farbiger Offsetdruck. Bildformat: 75 x 53 cm.<br \/>\nSchulwandbild. &#8211; Ecken leicht angestossen. &#8211; Images de la vie N\u00b0 12.<\/p>\n<p>+ Wichtig: F\u00fcr unsere Kunden in der EU erfolgt der Versand alle 14 Tage verzollt ab Deutschland \/ Postbank-Konto in Deutschland vorhanden +<\/p>\n<p><strong>Bestellnummer<\/strong>: 230DG<\/p>\n<p><span class=\"schlagwort\">Schulwandbilder \/ Wall charts, Fluss \/ River, Schulwandbild \/ Wall chart<\/span><\/p>\n","protected":false},"excerpt":{"rendered":"<p>   Poiri\u00e9, H\u00e9l\u00e8ne: Le bord de la rivi\u00e8re.<\/p>\n","protected":false},"featured_media":2268186,"comment_status":"closed","ping_status":"open","template":"","meta":[],"product_brand":[],"product_cat":[146],"product_tag":[],"class_list":{"0":"post-1143","1":"product","2":"type-product","3":"status-publish","4":"has-post-thumbnail","6":"product_cat-schulwandbilder-wall-charts","8":"first","9":"instock","10":"purchasable","11":"product-type-simple"},"aioseo_notices":[],"_links":{"self":[{"href":"https:\/\/www.eosart.ch\/en\/wp-json\/wp\/v2\/product\/1143","targetHints":{"allow":["GET"]}}],"collection":[{"href":"https:\/\/www.eosart.ch\/en\/wp-json\/wp\/v2\/product"}],"about":[{"href":"https:\/\/www.eosart.ch\/en\/wp-json\/wp\/v2\/types\/product"}],"replies":[{"embeddable":true,"href":"https:\/\/www.eosart.ch\/en\/wp-json\/wp\/v2\/comments?post=1143"}],"wp:featuredmedia":[{"embeddable":true,"href":"https:\/\/www.eosart.ch\/en\/wp-json\/wp\/v2\/media\/2268186"}],"wp:attachment":[{"href":"https:\/\/www.eosart.ch\/en\/wp-json\/wp\/v2\/media?parent=1143"}],"wp:term":[{"taxonomy":"product_brand","embeddable":true,"href":"https:\/\/www.eosart.ch\/en\/wp-json\/wp\/v2\/product_brand?post=1143"},{"taxonomy":"product_cat","embeddable":true,"href":"https:\/\/www.eosart.ch\/en\/wp-json\/wp\/v2\/product_cat?post=1143"},{"taxonomy":"product_tag","embeddable":true,"href":"https:\/\/www.eosart.ch\/en\/wp-json\/wp\/v2\/product_tag?post=1143"}],"curies":[{"name":"wp","href":"https:\/\/api.w.org\/{rel}","templated":true}]}}