{"id":2269014,"date":"2016-11-11T12:06:07","date_gmt":"2016-11-11T11:06:07","guid":{"rendered":"https:\/\/www.eosart.ch\/home\/"},"modified":"2024-12-27T08:33:10","modified_gmt":"2024-12-27T07:33:10","slug":"home","status":"publish","type":"page","link":"https:\/\/www.eosart.ch\/en\/","title":{"rendered":"Home"},"content":{"rendered":"\n<h1 class=\"wp-block-heading has-text-align-center\"> <br\/>Kunstantiquariat &#8211; Art, originals and prints &#8211; Pictures  <\/h1>\n\n<div style=\"height:25px\" aria-hidden=\"true\" class=\"wp-block-spacer\"><\/div>\n\n<figure class=\"wp-block-image alignwide size-large\"><img loading=\"lazy\" decoding=\"async\" width=\"1024\" height=\"338\" src=\"https:\/\/www.eosart.ch\/wp-content\/uploads\/2024\/08\/Ladengeschaeft-EOS-Buchantiquariat-Zuerich-1024x338.jpg\" alt=\"\" class=\"wp-image-2520375\" srcset=\"https:\/\/www.eosart.ch\/wp-content\/uploads\/2024\/08\/Ladengeschaeft-EOS-Buchantiquariat-Zuerich-1024x338.jpg 1024w, https:\/\/www.eosart.ch\/wp-content\/uploads\/2024\/08\/Ladengeschaeft-EOS-Buchantiquariat-Zuerich-300x99.jpg 300w, https:\/\/www.eosart.ch\/wp-content\/uploads\/2024\/08\/Ladengeschaeft-EOS-Buchantiquariat-Zuerich-768x254.jpg 768w, https:\/\/www.eosart.ch\/wp-content\/uploads\/2024\/08\/Ladengeschaeft-EOS-Buchantiquariat-Zuerich-1536x507.jpg 1536w, https:\/\/www.eosart.ch\/wp-content\/uploads\/2024\/08\/Ladengeschaeft-EOS-Buchantiquariat-Zuerich-416x137.jpg 416w, https:\/\/www.eosart.ch\/wp-content\/uploads\/2024\/08\/Ladengeschaeft-EOS-Buchantiquariat-Zuerich.jpg 1920w\" sizes=\"auto, (max-width: 1024px) 100vw, 1024px\" \/><\/figure>\n\n<p>EOS Kunstantiquariat Benz &#8211; Zurich<\/p>\n\n<div class=\"wp-block-image telefon\"><a href=\"tel:+41442615750\"><figure class=\"aligncenter is-resized\"><img loading=\"lazy\" decoding=\"async\" src=\"https:\/\/www.eosbooks.ch\/wp-content\/uploads\/Telefon-icon-weiss-1024x1024.png\" alt=\"Call\" class=\"wp-image-1639251\" width=\"50\" height=\"50\"\/><\/figure><\/a><\/div>\n\n<p class=\"has-text-align-left\">In our store you will find old, valuable books as well as pictures, old and modern art, originals &#8211; oil paintings, drawings, watercolors, gouaches or prints &#8211; portraits, posters of Switzerland, school murals, old views and maps. Everything online in our <a href=\"https:\/\/www.eosart.ch\/shop\/\" target=\"_blank\" rel=\"noopener noreferrer\">webshop<\/a>.<\/p>\n\n<p class=\"has-text-align-center\"><\/p>\n\n<p class=\"has-text-align-center\"><a href=\"https:\/\/www.eosart.ch\/en\/contact-us\/\" target=\"_blank\" rel=\"noopener noreferrer\">Our opening hours<\/a><\/p>\n\n<p class=\"has-text-align-center\"><strong><strong><strong><strong><strong>Our store will be closed on Friday and Saturday, Dec. 27 and 28.<\/strong><\/strong><\/strong><\/strong><\/strong><\/p>\n\n<p class=\"has-text-align-center\"><\/p>\n\n<div style=\"height:39px\" aria-hidden=\"true\" class=\"wp-block-spacer\"><\/div>\n\n<p class=\"has-text-align-center\">Please also visit our website for old books<a href=\"https:\/\/www.eosbooks.ch\/\" target=\"_blank\" rel=\"noopener noreferrer\"> https:\/\/www.eosbooks.ch\/<\/a><\/p>\n\n<p><\/p>\n\n<h2 class=\"wp-block-heading has-text-align-center\">New additions<\/h2>\n\n<div class=\"woocommerce columns-4 \"><ul class=\"products columns-4\">\n<li class=\"product type-product post-1305 status-publish first instock product_cat-portraits-portraets has-post-thumbnail purchasable product-type-simple\">\n\t<a href=\"https:\/\/www.eosart.ch\/en\/produkt\/breitinger-johann-jakob-1701-1776-schweiz-philosoph-und-aufklaerer\/\" class=\"woocommerce-LoopProduct-link woocommerce-loop-product__link\"><img loading=\"lazy\" decoding=\"async\" width=\"324\" height=\"324\" src=\"https:\/\/www.eosart.ch\/wp-content\/uploads\/2026\/05\/1646AG-324x324.jpg\" class=\"attachment-woocommerce_thumbnail size-woocommerce_thumbnail\" alt=\"Breitinger, Johann Jakob  (1701-1776): - Schweiz. Philosoph und Aufkl\u00e4rer.\" srcset=\"https:\/\/www.eosart.ch\/wp-content\/uploads\/2026\/05\/1646AG-324x324.jpg 324w, https:\/\/www.eosart.ch\/wp-content\/uploads\/2026\/05\/1646AG-150x150.jpg 150w, https:\/\/www.eosart.ch\/wp-content\/uploads\/2026\/05\/1646AG-100x100.jpg 100w\" sizes=\"auto, (max-width: 324px) 100vw, 324px\" \/><h2 class=\"woocommerce-loop-product__title\">Breitinger, Johann Jakob  (1701-1776): Schweiz. Philosoph und Aufkl\u00e4rer.<\/h2>\n\t<span class=\"price\"><span class=\"woocommerce-Price-amount amount\"><bdi>100,00&nbsp;<span class=\"woocommerce-Price-currencySymbol\">&#67;&#72;&#70;<\/span><\/bdi><\/span><\/span>\n<\/a><\/li>\n<li class=\"product type-product post-625593 status-publish instock product_cat-originale-originals has-post-thumbnail purchasable product-type-simple\">\n\t<a href=\"https:\/\/www.eosart.ch\/en\/produkt\/buechi-werner-1916-1999-das-doppel-ereignis-der-woche-amerikaner-auf-dem-mond-und-schweizer-nicht-mehr-hinter-dem-mond\/\" class=\"woocommerce-LoopProduct-link woocommerce-loop-product__link\"><img loading=\"lazy\" decoding=\"async\" width=\"324\" height=\"324\" src=\"https:\/\/www.eosart.ch\/wp-content\/uploads\/2026\/05\/1687AG-324x324.jpg\" class=\"attachment-woocommerce_thumbnail size-woocommerce_thumbnail\" alt=\"B\u00fcchi, Werner (1916\u20131999): - Das Doppel Ereignis der Woche: Amerikaner auf dem Mond und Schweizer nicht mehr hinter dem Mond.\" srcset=\"https:\/\/www.eosart.ch\/wp-content\/uploads\/2026\/05\/1687AG-324x324.jpg 324w, https:\/\/www.eosart.ch\/wp-content\/uploads\/2026\/05\/1687AG-150x150.jpg 150w, https:\/\/www.eosart.ch\/wp-content\/uploads\/2026\/05\/1687AG-100x100.jpg 100w\" sizes=\"auto, (max-width: 324px) 100vw, 324px\" \/><h2 class=\"woocommerce-loop-product__title\">B\u00fcchi, Werner (1916\u20131999): Das Doppel Ereignis der Woche: Amerikaner auf dem Mond und Schweizer nicht mehr hinter dem Mond.<\/h2>\n\t<span class=\"price\"><span class=\"woocommerce-Price-amount amount\"><bdi>120,00&nbsp;<span class=\"woocommerce-Price-currencySymbol\">&#67;&#72;&#70;<\/span><\/bdi><\/span><\/span>\n<\/a><\/li>\n<li class=\"product type-product post-3046298 status-publish instock product_cat-originale-originals has-post-thumbnail purchasable product-type-simple\">\n\t<a href=\"https:\/\/www.eosart.ch\/en\/produkt\/eckertz-waldemar-1878-1947-mann-mit-stock\/\" class=\"woocommerce-LoopProduct-link woocommerce-loop-product__link\"><img loading=\"lazy\" decoding=\"async\" width=\"324\" height=\"324\" src=\"https:\/\/www.eosart.ch\/wp-content\/uploads\/2026\/05\/779DG-324x324.jpg\" class=\"attachment-woocommerce_thumbnail size-woocommerce_thumbnail\" alt=\"Eckertz, Waldemar (1878\u20131947): - Mann mit Stock.\" srcset=\"https:\/\/www.eosart.ch\/wp-content\/uploads\/2026\/05\/779DG-324x324.jpg 324w, https:\/\/www.eosart.ch\/wp-content\/uploads\/2026\/05\/779DG-150x150.jpg 150w, https:\/\/www.eosart.ch\/wp-content\/uploads\/2026\/05\/779DG-100x100.jpg 100w\" sizes=\"auto, (max-width: 324px) 100vw, 324px\" \/><h2 class=\"woocommerce-loop-product__title\">Eckertz, Waldemar (1878\u20131947): Mann mit Stock.<\/h2>\n\t<span class=\"price\"><span class=\"woocommerce-Price-amount amount\"><bdi>450,00&nbsp;<span class=\"woocommerce-Price-currencySymbol\">&#67;&#72;&#70;<\/span><\/bdi><\/span><\/span>\n<\/a><\/li>\n<li class=\"product type-product post-994 status-publish last instock product_cat-schulwandbilder-wall-charts has-post-thumbnail purchasable product-type-simple\">\n\t<a href=\"https:\/\/www.eosart.ch\/en\/produkt\/entwicklungsgang-des-maikaefers-mit-3jaehriger-generation\/\" class=\"woocommerce-LoopProduct-link woocommerce-loop-product__link\"><img loading=\"lazy\" decoding=\"async\" width=\"324\" height=\"324\" src=\"https:\/\/www.eosart.ch\/wp-content\/uploads\/2026\/05\/1388AG-324x324.jpg\" class=\"attachment-woocommerce_thumbnail size-woocommerce_thumbnail\" alt=\"- Entwicklungsgang des Maik\u00e4fers mit 3j\u00e4hriger Generation.\" srcset=\"https:\/\/www.eosart.ch\/wp-content\/uploads\/2026\/05\/1388AG-324x324.jpg 324w, https:\/\/www.eosart.ch\/wp-content\/uploads\/2026\/05\/1388AG-150x150.jpg 150w, https:\/\/www.eosart.ch\/wp-content\/uploads\/2026\/05\/1388AG-100x100.jpg 100w\" sizes=\"auto, (max-width: 324px) 100vw, 324px\" \/><h2 class=\"woocommerce-loop-product__title\">Entwicklungsgang des Maik\u00e4fers mit 3j\u00e4hriger Generation.<\/h2>\n\t<span class=\"price\"><span class=\"woocommerce-Price-amount amount\"><bdi>100,00&nbsp;<span class=\"woocommerce-Price-currencySymbol\">&#67;&#72;&#70;<\/span><\/bdi><\/span><\/span>\n<\/a><\/li>\n<li class=\"product type-product post-1682400 status-publish first instock product_cat-plakate-werbegraphik-plakat-poster-posters-advertising-art has-post-thumbnail purchasable product-type-simple\">\n\t<a href=\"https:\/\/www.eosart.ch\/en\/produkt\/ernst-oscar-1886-1944-modee-paris-nce-type-sport-fr-725\/\" class=\"woocommerce-LoopProduct-link woocommerce-loop-product__link\"><img loading=\"lazy\" decoding=\"async\" width=\"324\" height=\"324\" src=\"https:\/\/www.eosart.ch\/wp-content\/uploads\/2026\/05\/954DG-324x324.jpg\" class=\"attachment-woocommerce_thumbnail size-woocommerce_thumbnail\" alt=\"Ernst, Oscar (1886\u20131944) - Mod\u00e8e Paris-Nce - Type &quot;Sport&quot; - Fr. 725.-\" srcset=\"https:\/\/www.eosart.ch\/wp-content\/uploads\/2026\/05\/954DG-324x324.jpg 324w, https:\/\/www.eosart.ch\/wp-content\/uploads\/2026\/05\/954DG-150x150.jpg 150w, https:\/\/www.eosart.ch\/wp-content\/uploads\/2026\/05\/954DG-100x100.jpg 100w\" sizes=\"auto, (max-width: 324px) 100vw, 324px\" \/><h2 class=\"woocommerce-loop-product__title\">Ernst, Oscar (1886\u20131944) Mod\u00e8e Paris-Nce &#8211; Type &#8220;Sport&#8221; &#8211; Fr. 725.-<\/h2>\n\t<span class=\"price\"><span class=\"woocommerce-Price-amount amount\"><bdi>750,00&nbsp;<span class=\"woocommerce-Price-currencySymbol\">&#67;&#72;&#70;<\/span><\/bdi><\/span><\/span>\n<\/a><\/li>\n<li class=\"product type-product post-2194 status-publish instock product_cat-originale-originals has-post-thumbnail purchasable product-type-simple\">\n\t<a href=\"https:\/\/www.eosart.ch\/en\/produkt\/fischer-hans-1909-1958-genannt-fis-cellist-mit-kontrabassist\/\" class=\"woocommerce-LoopProduct-link woocommerce-loop-product__link\"><img loading=\"lazy\" decoding=\"async\" width=\"324\" height=\"324\" src=\"https:\/\/www.eosart.ch\/wp-content\/uploads\/2026\/05\/1538AG-324x324.jpg\" class=\"attachment-woocommerce_thumbnail size-woocommerce_thumbnail\" alt=\"Fischer, Hans (1909 - 1958) genannt fis: - Cellist mit Kontrabassist.\" srcset=\"https:\/\/www.eosart.ch\/wp-content\/uploads\/2026\/05\/1538AG-324x324.jpg 324w, https:\/\/www.eosart.ch\/wp-content\/uploads\/2026\/05\/1538AG-150x150.jpg 150w, https:\/\/www.eosart.ch\/wp-content\/uploads\/2026\/05\/1538AG-100x100.jpg 100w\" sizes=\"auto, (max-width: 324px) 100vw, 324px\" \/><h2 class=\"woocommerce-loop-product__title\">Fischer, Hans (1909 &#8211; 1958) genannt fis: Cellist mit Kontrabassist.<\/h2>\n\t<span class=\"price\"><span class=\"woocommerce-Price-amount amount\"><bdi>350,00&nbsp;<span class=\"woocommerce-Price-currencySymbol\">&#67;&#72;&#70;<\/span><\/bdi><\/span><\/span>\n<\/a><\/li>\n<li class=\"product type-product post-237097 status-publish instock product_cat-schulwandbilder-wall-charts has-post-thumbnail purchasable product-type-simple\">\n\t<a href=\"https:\/\/www.eosart.ch\/en\/produkt\/hey-paul-1867-1952-doernroeschen\/\" class=\"woocommerce-LoopProduct-link woocommerce-loop-product__link\"><img loading=\"lazy\" decoding=\"async\" width=\"324\" height=\"324\" src=\"https:\/\/www.eosart.ch\/wp-content\/uploads\/936CG-324x324.jpg\" class=\"attachment-woocommerce_thumbnail size-woocommerce_thumbnail\" alt=\"Hey, Paul (1867\u20131952): - D\u00f6rnr\u00f6schen.\" srcset=\"https:\/\/www.eosart.ch\/wp-content\/uploads\/936CG-324x324.jpg 324w, https:\/\/www.eosart.ch\/wp-content\/uploads\/936CG-150x150.jpg 150w, https:\/\/www.eosart.ch\/wp-content\/uploads\/936CG-100x100.jpg 100w\" sizes=\"auto, (max-width: 324px) 100vw, 324px\" \/><h2 class=\"woocommerce-loop-product__title\">Hey, Paul (1867\u20131952): D\u00f6rnr\u00f6schen.<\/h2>\n\t<span class=\"price\"><span class=\"woocommerce-Price-amount amount\"><bdi>400,00&nbsp;<span class=\"woocommerce-Price-currencySymbol\">&#67;&#72;&#70;<\/span><\/bdi><\/span><\/span>\n<\/a><\/li>\n<li class=\"product type-product post-1531 status-publish last instock product_cat-portraits-portraets has-post-thumbnail purchasable product-type-simple\">\n\t<a href=\"https:\/\/www.eosart.ch\/en\/produkt\/huxley-thomas-henry-1825-1895-britischer-zoologe-anatom-und-physiologe\/\" class=\"woocommerce-LoopProduct-link woocommerce-loop-product__link\"><img loading=\"lazy\" decoding=\"async\" width=\"324\" height=\"324\" src=\"https:\/\/www.eosart.ch\/wp-content\/uploads\/2026\/05\/52CG-324x324.jpg\" class=\"attachment-woocommerce_thumbnail size-woocommerce_thumbnail\" alt=\"Huxley, Thomas Henry (1825-1895): - Britischer Zoologe, Anatom und Physiologe.\" srcset=\"https:\/\/www.eosart.ch\/wp-content\/uploads\/2026\/05\/52CG-324x324.jpg 324w, https:\/\/www.eosart.ch\/wp-content\/uploads\/2026\/05\/52CG-150x150.jpg 150w, https:\/\/www.eosart.ch\/wp-content\/uploads\/2026\/05\/52CG-100x100.jpg 100w\" sizes=\"auto, (max-width: 324px) 100vw, 324px\" \/><h2 class=\"woocommerce-loop-product__title\">Huxley, Thomas Henry (1825-1895): Britischer Zoologe, Anatom und Physiologe.<\/h2>\n\t<span class=\"price\"><span class=\"woocommerce-Price-amount amount\"><bdi>450,00&nbsp;<span class=\"woocommerce-Price-currencySymbol\">&#67;&#72;&#70;<\/span><\/bdi><\/span><\/span>\n<\/a><\/li>\n<li class=\"product type-product post-888760 status-publish first instock product_cat-helvetica-schweiz-books-and-prints-pertaining-switzerland has-post-thumbnail purchasable product-type-simple\">\n\t<a href=\"https:\/\/www.eosart.ch\/en\/produkt\/murer-josef-der-uralten-wytbekannten-statt-zuerich-gestalt-und-gelaegenheit-wie-sy-zu-diser-zyt-in-waesen-ufgerissen-und-in-grund-gelegt-durch-josefen-murer-und-durch-christoffel-froschower-zu-e-2\/\" class=\"woocommerce-LoopProduct-link woocommerce-loop-product__link\"><img loading=\"lazy\" decoding=\"async\" width=\"324\" height=\"324\" src=\"https:\/\/www.eosart.ch\/wp-content\/uploads\/2026\/05\/744DG-324x324.jpg\" class=\"attachment-woocommerce_thumbnail size-woocommerce_thumbnail\" alt=\"Murer, Josef: - Der uralten wytbekannten Statt Z\u00fcrich gestalt und gel\u00e4genheit, wie sy zu diser zyt in w\u00e4sen, ufgerissen und in grund gelegt, durch Josefen Murer und durch Christoffel Froschower, zu Eeren dem Vatterland getruckt, Im M.D.LXXVI Jar\" srcset=\"https:\/\/www.eosart.ch\/wp-content\/uploads\/2026\/05\/744DG-324x324.jpg 324w, https:\/\/www.eosart.ch\/wp-content\/uploads\/2026\/05\/744DG-150x150.jpg 150w, https:\/\/www.eosart.ch\/wp-content\/uploads\/2026\/05\/744DG-100x100.jpg 100w\" sizes=\"auto, (max-width: 324px) 100vw, 324px\" \/><h2 class=\"woocommerce-loop-product__title\">Murer, Josef: Der uralten wytbekannten Statt Z\u00fcrich gestalt und gel\u00e4genheit, wie sy zu diser zyt in w\u00e4sen, ufgerissen und in grund gelegt, durch Josefen Murer und durch Christoffel Froschower, zu Eeren dem Vatterland getruckt, Im M.D.LXXVI Jar<\/h2>\n\t<span class=\"price\"><span class=\"woocommerce-Price-amount amount\"><bdi>250,00&nbsp;<span class=\"woocommerce-Price-currencySymbol\">&#67;&#72;&#70;<\/span><\/bdi><\/span><\/span>\n<\/a><\/li>\n<li class=\"product type-product post-1793322 status-publish instock product_cat-originale-originals has-post-thumbnail purchasable product-type-simple\">\n\t<a href=\"https:\/\/www.eosart.ch\/en\/produkt\/naef-bouvin-walter-1872-1934-burg-toessegg\/\" class=\"woocommerce-LoopProduct-link woocommerce-loop-product__link\"><img loading=\"lazy\" decoding=\"async\" width=\"324\" height=\"324\" src=\"https:\/\/www.eosart.ch\/wp-content\/uploads\/2026\/05\/980DG-324x324.jpg\" class=\"attachment-woocommerce_thumbnail size-woocommerce_thumbnail\" alt=\"Naef-Bouvin, Walter (1872\u20131934) - Burg T\u00f6ssegg.\" srcset=\"https:\/\/www.eosart.ch\/wp-content\/uploads\/2026\/05\/980DG-324x324.jpg 324w, https:\/\/www.eosart.ch\/wp-content\/uploads\/2026\/05\/980DG-150x150.jpg 150w, https:\/\/www.eosart.ch\/wp-content\/uploads\/2026\/05\/980DG-100x100.jpg 100w\" sizes=\"auto, (max-width: 324px) 100vw, 324px\" \/><h2 class=\"woocommerce-loop-product__title\">Naef-Bouvin, Walter (1872\u20131934) Burg T\u00f6ssegg.<\/h2>\n\t<span class=\"price\"><span class=\"woocommerce-Price-amount amount\"><bdi>150,00&nbsp;<span class=\"woocommerce-Price-currencySymbol\">&#67;&#72;&#70;<\/span><\/bdi><\/span><\/span>\n<\/a><\/li>\n<li class=\"product type-product post-2112 status-publish instock product_cat-helvetica-schweiz-books-and-prints-pertaining-switzerland has-post-thumbnail purchasable product-type-simple\">\n\t<a href=\"https:\/\/www.eosart.ch\/en\/produkt\/sechselaeuten-1875-bilder-aus-schillers-und-goethes-dichtungen\/\" class=\"woocommerce-LoopProduct-link woocommerce-loop-product__link\"><img loading=\"lazy\" decoding=\"async\" width=\"324\" height=\"324\" src=\"https:\/\/www.eosart.ch\/wp-content\/uploads\/2026\/05\/339BG-324x324.jpg\" class=\"attachment-woocommerce_thumbnail size-woocommerce_thumbnail\" alt=\"- Sechsel\u00e4uten 1875. Bilder aus Schillers und G\u00f6thes Dichtungen.\" srcset=\"https:\/\/www.eosart.ch\/wp-content\/uploads\/2026\/05\/339BG-324x324.jpg 324w, https:\/\/www.eosart.ch\/wp-content\/uploads\/2026\/05\/339BG-150x150.jpg 150w, https:\/\/www.eosart.ch\/wp-content\/uploads\/2026\/05\/339BG-100x100.jpg 100w\" sizes=\"auto, (max-width: 324px) 100vw, 324px\" \/><h2 class=\"woocommerce-loop-product__title\">Sechsel\u00e4uten 1875. Bilder aus Schillers und G\u00f6thes Dichtungen.<\/h2>\n\t<span class=\"price\"><span class=\"woocommerce-Price-amount amount\"><bdi>350,00&nbsp;<span class=\"woocommerce-Price-currencySymbol\">&#67;&#72;&#70;<\/span><\/bdi><\/span><\/span>\n<\/a><\/li>\n<li class=\"product type-product post-927 status-publish last instock product_cat-schulwandbilder-wall-charts has-post-thumbnail purchasable product-type-simple\">\n\t<a href=\"https:\/\/www.eosart.ch\/en\/produkt\/stoerche-auf-dem-kirchturm\/\" class=\"woocommerce-LoopProduct-link woocommerce-loop-product__link\"><img loading=\"lazy\" decoding=\"async\" width=\"324\" height=\"324\" src=\"https:\/\/www.eosart.ch\/wp-content\/uploads\/2026\/05\/679CG-324x324.jpg\" class=\"attachment-woocommerce_thumbnail size-woocommerce_thumbnail\" alt=\"- St\u00f6rche auf dem Kirchturm.\" srcset=\"https:\/\/www.eosart.ch\/wp-content\/uploads\/2026\/05\/679CG-324x324.jpg 324w, https:\/\/www.eosart.ch\/wp-content\/uploads\/2026\/05\/679CG-150x150.jpg 150w, https:\/\/www.eosart.ch\/wp-content\/uploads\/2026\/05\/679CG-100x100.jpg 100w\" sizes=\"auto, (max-width: 324px) 100vw, 324px\" \/><h2 class=\"woocommerce-loop-product__title\">St\u00f6rche auf dem Kirchturm.<\/h2>\n\t<span class=\"price\"><span class=\"woocommerce-Price-amount amount\"><bdi>150,00&nbsp;<span class=\"woocommerce-Price-currencySymbol\">&#67;&#72;&#70;<\/span><\/bdi><\/span><\/span>\n<\/a><\/li>\n<\/ul>\n<\/div>\n","protected":false},"excerpt":{"rendered":"<p>Kunstantiquariat &#8211; Art, originals and prints &#8211; Pictures EOS Kunstantiquariat Benz &#8211; Zurich In our store you will find old, valuable books as well as pictures, old and modern art, originals &#8211; oil paintings, drawings, watercolors, gouaches or prints &#8211; portraits, posters of Switzerland, school murals, old views and maps. Everything online in our webshop. [&hellip;]<\/p>\n","protected":false},"author":1,"featured_media":0,"parent":0,"menu_order":0,"comment_status":"closed","ping_status":"open","template":"","meta":{"footnotes":""},"class_list":["post-2269014","page","type-page","status-publish","hentry"],"aioseo_notices":[],"_links":{"self":[{"href":"https:\/\/www.eosart.ch\/en\/wp-json\/wp\/v2\/pages\/2269014","targetHints":{"allow":["GET"]}}],"collection":[{"href":"https:\/\/www.eosart.ch\/en\/wp-json\/wp\/v2\/pages"}],"about":[{"href":"https:\/\/www.eosart.ch\/en\/wp-json\/wp\/v2\/types\/page"}],"author":[{"embeddable":true,"href":"https:\/\/www.eosart.ch\/en\/wp-json\/wp\/v2\/users\/1"}],"replies":[{"embeddable":true,"href":"https:\/\/www.eosart.ch\/en\/wp-json\/wp\/v2\/comments?post=2269014"}],"version-history":[{"count":10,"href":"https:\/\/www.eosart.ch\/en\/wp-json\/wp\/v2\/pages\/2269014\/revisions"}],"predecessor-version":[{"id":2642587,"href":"https:\/\/www.eosart.ch\/en\/wp-json\/wp\/v2\/pages\/2269014\/revisions\/2642587"}],"wp:attachment":[{"href":"https:\/\/www.eosart.ch\/en\/wp-json\/wp\/v2\/media?parent=2269014"}],"curies":[{"name":"wp","href":"https:\/\/api.w.org\/{rel}","templated":true}]}}